{"id":1486,"date":"2026-01-20T12:11:11","date_gmt":"2026-01-20T12:11:11","guid":{"rendered":"https:\/\/bonuskongcasino.com\/login-and-registration\/"},"modified":"2026-03-23T11:21:18","modified_gmt":"2026-03-23T11:21:18","slug":"logowanie-i-rejestracja","status":"publish","type":"page","link":"https:\/\/spinstein.org\/pl\/logowanie-i-rejestracja\/","title":{"rendered":"Logowanie i rejestracja"},"content":{"rendered":"<h1>Logowanie do Spinstein: dost\u0119p do konta i zarz\u0105dzanie profilem<\/h1>\n<p>Logowanie do Spinstein to g\u0142\u00f3wny spos\u00f3b uzyskania dost\u0119pu do konta w kasynie i zarz\u0105dzania swoj\u0105 aktywno\u015bci\u0105 na platformie. Strona zosta\u0142a zaprojektowana tak, aby u\u0142atwi\u0107 logowanie, k\u0142ad\u0105c jednocze\u015bnie nacisk na bezpiecze\u0144stwo i wygod\u0119 u\u017cytkowania. Gracze mog\u0105 korzysta\u0107 ze swoich kont, aby przegl\u0105da\u0107 bibliotek\u0119 gier, zarz\u0105dza\u0107 p\u0142atno\u015bciami oraz w razie potrzeby kontaktowa\u0107 si\u0119 z obs\u0142ug\u0105 klienta.<\/p>\n<p><div class=\"banner-wrap\" aria-label=\"Banner\"><img src=\"https:\/\/spinstein.org\/wp-content\/uploads\/2026\/03\/Spinstein-banner-carousel-800\u0445400.webp\" class=\"w-100 d-none d-lg-block img-pc main-banner-img\" alt=\"promo desktop\" fetchpriority=\"high\" decoding=\"async\"><img src=\"https:\/\/spinstein.org\/wp-content\/uploads\/2026\/03\/spinstein-banner-mobile.webp\" class=\"w-100 d-none d-md-block d-lg-none main-banner-img\" alt=\"promo mobile\" fetchpriority=\"high\" decoding=\"async\"><img src=\"https:\/\/spinstein.org\/wp-content\/uploads\/2026\/03\/spinstein-banner-mobile.webp\" class=\"w-100 d-md-none\" alt=\"promo mobile\" fetchpriority=\"high\" decoding=\"async\"><div class=\"banner-description\">\n<div class=\"banner-title\">Bonusy powitalne<\/div>\n<p class=\"banner-header-title\">1500 \u20ac<\/p>\n<div class=\"banner-header-AdditionalText\">+ 250 Darmowe spiny<\/div>\n<button data-item=\"homepage_banner_link\" class=\"goto m-button m-gradient-border m-button--primary m-button--large banner-button btn-orange\">\n            <div class=\"m-button-content\">\n                <span>Zarejestruj si\u0119 teraz<\/span>\n                <span><\/span>\n            <\/div>\n        <\/button>\n<\/div>\n<div class=\"WelcomePack\">\n<p><img loading=\"lazy\" decoding=\"async\" class=\"alignnone size-full wp-image-1857\" src=\"https:\/\/spinstein.org\/wp-content\/uploads\/2026\/03\/welcome-crown-1.png\" alt=\"welcome crown\" width=\"25\" height=\"26\" \/><\/p>\n<div class=\"WelcomePack-Info\">Cotygodniowy zwrot got\u00f3wki do 25%<\/div>\n<p><img loading=\"lazy\" decoding=\"async\" class=\"alignnone size-full wp-image-1857\" src=\"https:\/\/spinstein.org\/wp-content\/uploads\/2026\/03\/welcome-crown-1.png\" alt=\"welcome crown\" width=\"25\" height=\"26\" \/><\/p>\n<\/div>\n<\/div><div class=\"scrollable-content-wrap my-5\"><div class=\"scrollable-content-inner\"><h2>Rejestracja dla nowych u\u017cytkownik\u00f3w<\/h2>\n<p>Proces rejestracji w serwisie Spinstein jest prosty i bezpieczny. Stanowi on punkt wej\u015bcia do pe\u0142nej wersji platformy i jest dost\u0119pny dla u\u017cytkownik\u00f3w, kt\u00f3rzy uko\u0144czyli 18 lat. Witryna obs\u0142uguje r\u00f3wnie\u017c wiele j\u0119zyk\u00f3w, co u\u0142atwia korzystanie z serwisu graczom z r\u00f3\u017cnych region\u00f3w. Po rejestracji u\u017cytkownicy mog\u0105 uzyska\u0107 dost\u0119p do g\u0142\u00f3wnych funkcji platformy oraz zarz\u0105dza\u0107 swoj\u0105 aktywno\u015bci\u0105 w grach za po\u015brednictwem konta osobistego.<\/p>\n<h3>Za\u0142\u00f3\u017c konto w Spinstein<\/h3>\n<p>Za\u0142o\u017cenie konta w serwisie Spinstein zapewnia u\u017cytkownikom dost\u0119p do g\u0142\u00f3wnych funkcji platformy, w tym automat\u00f3w do gry, gier sto\u0142owych oraz gier z krupierem na \u017cywo. Rejestracja umo\u017cliwia r\u00f3wnie\u017c graczom korzystanie z opcji p\u0142atno\u015bci, udzia\u0142 w turniejach, otrzymywanie ofert promocyjnych oraz zarz\u0105dzanie swoim profilem gracza.<\/p>\n<p>Proces rejestracji jest stosunkowo prosty. Aby si\u0119 zarejestrowa\u0107, u\u017cytkownicy musz\u0105 zazwyczaj wykona\u0107 nast\u0119puj\u0105ce czynno\u015bci:<\/p>\n<ol>\n<li>Otw\u00f3rz stron\u0119 g\u0142\u00f3wn\u0105 Spinstein<\/li>\n<li>Znajd\u017a przycisk rejestracji<\/li>\n<li>Wype\u0142nij formularz rejestracyjny<\/li>\n<li>Wpisz poprawny adres e-mail i ustaw bezpieczne has\u0142o<\/li>\n<li>Zapoznaj si\u0119 z warunkami i je zaakceptuj, potwierdzaj\u0105c, \u017ce osi\u0105gn\u0105\u0142e\u015b pe\u0142noletno\u015b\u0107<\/li>\n<li>Prze\u015blij formularz rejestracyjny<\/li>\n<li>Potwierd\u017a adres e-mail, klikaj\u0105c link wys\u0142any na Twoj\u0105 skrzynk\u0119 odbiorcz\u0105<\/li>\n<\/ol>\n<p>Dodatkowe dane osobowe, takie jak imi\u0119 i nazwisko, data urodzenia oraz adres zamieszkania, mo\u017cna zazwyczaj poda\u0107 p\u00f3\u017aniej w ustawieniach konta. Dzi\u0119ki temu u\u017cytkownicy mog\u0105 szybko przej\u015b\u0107 przez pierwszy etap rejestracji, a nast\u0119pnie doko\u0144czy\u0107 konfiguracj\u0119 profilu w p\u00f3\u017aniejszym terminie.<\/p>\n<p><img loading=\"lazy\" decoding=\"async\" class=\"alignnone size-full wp-image-1921\" src=\"https:\/\/spinstein.org\/wp-content\/uploads\/2026\/03\/Spinstein-Login.webp\" alt=\"Spinstein Login\" width=\"1248\" height=\"536\" srcset=\"https:\/\/spinstein.org\/wp-content\/uploads\/2026\/03\/Spinstein-Login.webp 1248w, https:\/\/spinstein.org\/wp-content\/uploads\/2026\/03\/Spinstein-Login-300x129.webp 300w, https:\/\/spinstein.org\/wp-content\/uploads\/2026\/03\/Spinstein-Login-1024x440.webp 1024w, https:\/\/spinstein.org\/wp-content\/uploads\/2026\/03\/Spinstein-Login-768x330.webp 768w\" sizes=\"auto, (max-width: 1248px) 100vw, 1248px\" \/><\/p>\n<h2>Logowanie do serwisu Spinstein<\/h2>\n<p>Po zako\u0144czeniu rejestracji zalogowanie si\u0119 na konto Spinstein jest bardzo proste. W wi\u0119kszo\u015bci przypadk\u00f3w u\u017cytkownicy musz\u0105 wykona\u0107 nast\u0119puj\u0105ce czynno\u015bci:<\/p>\n<ol>\n<li>Kliknij przycisk \u201eZaloguj si\u0119\u201d w g\u00f3rnej cz\u0119\u015bci strony<\/li>\n<li>Wprowad\u017a zarejestrowany adres e-mail i has\u0142o<\/li>\n<li>Przeprowad\u017a weryfikacj\u0119 za pomoc\u0105 kodu wys\u0142anego na telefon kom\u00f3rkowy lub za pomoc\u0105 aplikacji uwierzytelniaj\u0105cej<\/li>\n<li>Po pomy\u015blnym zalogowaniu si\u0119 otw\u00f3rz sekcj\u0119 konta<\/li>\n<\/ol>\n<p>Po zalogowaniu si\u0119 u\u017cytkownicy mog\u0105 aktualizowa\u0107 dane profilowe, sprawdza\u0107 wp\u0142aty i wyp\u0142aty, przegl\u0105da\u0107 wygrane oraz histori\u0119 transakcji. Sekcja konta zosta\u0142a zaprojektowana tak, aby zapewni\u0107 \u0142atwy dost\u0119p do tych funkcji.<\/p>\n<h3>Nie pami\u0119tasz has\u0142a?<\/h3>\n<p>Je\u015bli u\u017cytkownik zapomni has\u0142a, mo\u017ce skorzysta\u0107 z opcji odzyskiwania dost\u0119pu w sekcji logowania, wybieraj\u0105c opcj\u0119 \u201eNie pami\u0119tasz has\u0142a?\u201d. Nast\u0119pnie instrukcje dotycz\u0105ce zresetowania has\u0142a s\u0105 zazwyczaj wysy\u0142ane poczt\u0105 elektroniczn\u0105. Dzi\u0119ki temu w\u0142a\u015bciciel konta mo\u017ce odzyska\u0107 dost\u0119p, post\u0119puj\u0105c zgodnie z instrukcjami zawartymi w wiadomo\u015bci.<\/p>\n<h3>Kasyno Spinstein: bezpiecze\u0144stwo konta i weryfikacja<\/h3>\n<p>Spinstein stosuje szereg \u015brodk\u00f3w maj\u0105cych na celu ochron\u0119 danych kont oraz aktywno\u015bci u\u017cytkownik\u00f3w. Obejmuj\u0105 one szyfrowanie TLS podczas przesy\u0142ania danych oraz mo\u017cliwo\u015b\u0107 w\u0142\u0105czenia uwierzytelniania dwusk\u0142adnikowego w celu zwi\u0119kszenia bezpiecze\u0144stwa konta. Cz\u0119\u015bci\u0105 tego procesu jest r\u00f3wnie\u017c weryfikacja to\u017csamo\u015bci, kt\u00f3ra mo\u017ce wymaga\u0107 od u\u017cytkownik\u00f3w przes\u0142ania dokument\u00f3w to\u017csamo\u015bci. Etap ten s\u0142u\u017cy potwierdzeniu to\u017csamo\u015bci, ograniczeniu ryzyka oszustw oraz zapewnieniu bezpiecze\u0144stwa wyp\u0142at.<\/p>\n<table>\n<tbody>\n<tr>\n<td>Rodzaj zabezpieczenia<\/td>\n<td>Szczeg\u00f3\u0142y<\/td>\n<\/tr>\n<tr>\n<td>Bezpiecze\u0144stwo platformy<\/td>\n<td>Szyfrowanie TLS, uwierzytelnianie dwusk\u0142adnikowe (2FA), procedury weryfikacyjne, zgodno\u015b\u0107 z RODO, certyfikowany generator liczb losowych (RNG) oraz licencja Tobique<\/td>\n<\/tr>\n<tr>\n<td>Obs\u0142uga klienta<\/td>\n<td>Wsparcie w wielu j\u0119zykach, czat na \u017cywo oraz pomoc przez e-mail przez ca\u0142\u0105 dob\u0119, siedem dni w tygodniu<\/td>\n<\/tr>\n<tr>\n<td>Wymagania dotycz\u0105ce rejestracji<\/td>\n<td>Prawid\u0142owy adres e-mail, weryfikacja wieku oraz podanie danych osobowych podczas rejestracji<\/td>\n<\/tr>\n<tr>\n<td>Proces weryfikacji<\/td>\n<td>Przes\u0142anie dokumentu do weryfikacji<\/td>\n<\/tr>\n<\/tbody>\n<\/table>\n<h2>FAQ<\/h2>\n<h3>Jak mog\u0119 przeprowadzi\u0107 weryfikacj\u0119 konta?<\/h3>\n<p>Aby zako\u0144czy\u0107 proces weryfikacji w kasynie Spinstein, u\u017cytkownicy zazwyczaj musz\u0105 przes\u0142a\u0107 wa\u017cne dokumenty potwierdzaj\u0105ce to\u017csamo\u015b\u0107, a w niekt\u00f3rych przypadkach r\u00f3wnie\u017c adres zamieszkania. Mog\u0105 to by\u0107 dokumenty to\u017csamo\u015bci wydane przez organy pa\u0144stwowe lub potwierdzenie miejsca zamieszkania. Po przes\u0142aniu dokument\u00f3w zesp\u00f3\u0142 obs\u0142ugi klienta przyst\u0119puje do ich weryfikacji. Po zako\u0144czeniu weryfikacji u\u017cytkownik zostaje poinformowany o wyniku lub, w razie potrzeby, poproszony o dostarczenie dodatkowych informacji.<\/p>\n<h3>Jak mog\u0119 zmieni\u0107 has\u0142o lub adres e-mail?<\/h3>\n<p>Dane dotycz\u0105ce has\u0142a lub adresu e-mail mo\u017cna zazwyczaj zaktualizowa\u0107 w sekcji ustawie\u0144 konta. Aby wprowadzi\u0107 zmiany, u\u017cytkownik musi otworzy\u0107 sekcj\u0119 profilu, wybra\u0107 odpowiedni\u0105 opcj\u0119 i potwierdzi\u0107 aktualizacj\u0119. W niekt\u00f3rych przypadkach mo\u017ce by\u0107 wymagany dodatkowy etap weryfikacji, taki jak potwierdzenie adresu e-mail lub uwierzytelnianie dwusk\u0142adnikowe.<\/p>\n<h3>Co mam zrobi\u0107, je\u015bli moje konto zosta\u0142o zablokowane?<\/h3>\n<p>Je\u015bli dost\u0119p do konta jest ograniczony, najlepiej skontaktowa\u0107 si\u0119 z zespo\u0142em pomocy technicznej Spinstein za po\u015brednictwem czatu na \u017cywo lub poczty elektronicznej. Blokady kont s\u0105 zazwyczaj rozpatrywane r\u0119cznie i przed przywr\u00f3ceniem dost\u0119pu mo\u017ce by\u0107 konieczna dodatkowa weryfikacja to\u017csamo\u015bci.<\/p>\n<\/div><\/div><\/p>\n","protected":false},"excerpt":{"rendered":"<p>Logowanie do Spinstein: dost\u0119p do konta i zarz\u0105dzanie profilem Logowanie do Spinstein to g\u0142\u00f3wny spos\u00f3b uzyskania dost\u0119pu do konta w kasynie i zarz\u0105dzania swoj\u0105 aktywno\u015bci\u0105 na platformie. Strona zosta\u0142a zaprojektowana tak, aby u\u0142atwi\u0107 logowanie, k\u0142ad\u0105c jednocze\u015bnie nacisk na bezpiecze\u0144stwo i wygod\u0119 u\u017cytkowania. Gracze mog\u0105 korzysta\u0107 ze swoich kont, aby przegl\u0105da\u0107 bibliotek\u0119 gier, zarz\u0105dza\u0107 p\u0142atno\u015bciami oraz [&hellip;]<\/p>\n","protected":false},"author":1,"featured_media":0,"parent":0,"menu_order":0,"comment_status":"closed","ping_status":"closed","template":"template-builder.php","meta":{"_acf_changed":false,"inline_featured_image":false,"footnotes":""},"class_list":["post-1486","page","type-page","status-publish","hentry"],"acf":[],"yoast_head":"<!-- This site is optimized with the Yoast SEO plugin v27.3 - https:\/\/yoast.com\/product\/yoast-seo-wordpress\/ -->\n<title>Spinstein Login\u2013 Zarejestruj si\u0119 i zarz\u0105dzaj kontem<\/title>\n<meta name=\"description\" content=\"Z \u0142atwo\u015bci\u0105 za\u0142\u00f3\u017c konto w kasynie Spinstein, zarz\u0105dzaj nim i weryfikuj je dzi\u0119ki szybkiej rejestracji, p\u0142ynnemu procesowi odzyskiwania konta oraz bezpiecznemu zamkni\u0119ciu konta, co zapewnia ca\u0142odobow\u0105 ochron\u0119 za po\u015brednictwem logowania do serwisu Spinstein.\" \/>\n<meta name=\"robots\" content=\"index, follow, max-snippet:-1, max-image-preview:large, max-video-preview:-1\" \/>\n<link rel=\"canonical\" href=\"https:\/\/spinstein.org\/pl\/logowanie-i-rejestracja\/\" \/>\n<meta property=\"og:locale\" content=\"pl_PL\" \/>\n<meta property=\"og:type\" content=\"article\" \/>\n<meta property=\"og:title\" content=\"Spinstein Login\u2013 Zarejestruj si\u0119 i zarz\u0105dzaj kontem\" \/>\n<meta property=\"og:description\" content=\"Z \u0142atwo\u015bci\u0105 za\u0142\u00f3\u017c konto w kasynie Spinstein, zarz\u0105dzaj nim i weryfikuj je dzi\u0119ki szybkiej rejestracji, p\u0142ynnemu procesowi odzyskiwania konta oraz bezpiecznemu zamkni\u0119ciu konta, co zapewnia ca\u0142odobow\u0105 ochron\u0119 za po\u015brednictwem logowania do serwisu Spinstein.\" \/>\n<meta property=\"og:url\" content=\"https:\/\/spinstein.org\/pl\/logowanie-i-rejestracja\/\" \/>\n<meta property=\"og:site_name\" content=\"spinstein\" \/>\n<meta property=\"article:modified_time\" content=\"2026-03-23T11:21:18+00:00\" \/>\n<meta name=\"twitter:card\" content=\"summary_large_image\" \/>\n<meta name=\"twitter:label1\" content=\"Est. reading time\" \/>\n\t<meta name=\"twitter:data1\" content=\"1 minute\" \/>\n<script type=\"application\/ld+json\" class=\"yoast-schema-graph\">{\"@context\":\"https:\\\/\\\/schema.org\",\"@graph\":[{\"@type\":\"WebPage\",\"@id\":\"https:\\\/\\\/spinstein.org\\\/pl\\\/logowanie-i-rejestracja\\\/\",\"url\":\"https:\\\/\\\/spinstein.org\\\/pl\\\/logowanie-i-rejestracja\\\/\",\"name\":\"Spinstein Login\u2013 Zarejestruj si\u0119 i zarz\u0105dzaj kontem\",\"isPartOf\":{\"@id\":\"https:\\\/\\\/spinstein.org\\\/pl\\\/#website\"},\"datePublished\":\"2026-01-20T12:11:11+00:00\",\"dateModified\":\"2026-03-23T11:21:18+00:00\",\"description\":\"Z \u0142atwo\u015bci\u0105 za\u0142\u00f3\u017c konto w kasynie Spinstein, zarz\u0105dzaj nim i weryfikuj je dzi\u0119ki szybkiej rejestracji, p\u0142ynnemu procesowi odzyskiwania konta oraz bezpiecznemu zamkni\u0119ciu konta, co zapewnia ca\u0142odobow\u0105 ochron\u0119 za po\u015brednictwem logowania do serwisu Spinstein.\",\"breadcrumb\":{\"@id\":\"https:\\\/\\\/spinstein.org\\\/pl\\\/logowanie-i-rejestracja\\\/#breadcrumb\"},\"inLanguage\":\"pl-PL\",\"potentialAction\":[{\"@type\":\"ReadAction\",\"target\":[\"https:\\\/\\\/spinstein.org\\\/pl\\\/logowanie-i-rejestracja\\\/\"]}]},{\"@type\":\"BreadcrumbList\",\"@id\":\"https:\\\/\\\/spinstein.org\\\/pl\\\/logowanie-i-rejestracja\\\/#breadcrumb\",\"itemListElement\":[{\"@type\":\"ListItem\",\"position\":1,\"name\":\"Spinstein\",\"item\":\"https:\\\/\\\/spinstein.org\\\/pl\\\/\"},{\"@type\":\"ListItem\",\"position\":2,\"name\":\"Logowanie i rejestracja\"}]},{\"@type\":\"WebSite\",\"@id\":\"https:\\\/\\\/spinstein.org\\\/pl\\\/#website\",\"url\":\"https:\\\/\\\/spinstein.org\\\/pl\\\/\",\"name\":\"Spinstein\",\"description\":\"\",\"publisher\":{\"@id\":\"https:\\\/\\\/spinstein.org\\\/pl\\\/#organization\"},\"potentialAction\":[{\"@type\":\"SearchAction\",\"target\":{\"@type\":\"EntryPoint\",\"urlTemplate\":\"https:\\\/\\\/spinstein.org\\\/pl\\\/?s={search_term_string}\"},\"query-input\":{\"@type\":\"PropertyValueSpecification\",\"valueRequired\":true,\"valueName\":\"search_term_string\"}}],\"inLanguage\":\"pl-PL\"},{\"@type\":\"Organization\",\"@id\":\"https:\\\/\\\/spinstein.org\\\/pl\\\/#organization\",\"name\":\"Spinstein\",\"url\":\"https:\\\/\\\/spinstein.org\\\/pl\\\/\",\"logo\":{\"@type\":\"ImageObject\",\"inLanguage\":\"pl-PL\",\"@id\":\"https:\\\/\\\/spinstein.org\\\/pl\\\/#\\\/schema\\\/logo\\\/image\\\/\",\"url\":\"https:\\\/\\\/spinstein.org\\\/wp-content\\\/uploads\\\/2026\\\/03\\\/spinstein-logo.svg\",\"contentUrl\":\"https:\\\/\\\/spinstein.org\\\/wp-content\\\/uploads\\\/2026\\\/03\\\/spinstein-logo.svg\",\"width\":83,\"height\":20,\"caption\":\"Spinstein\"},\"image\":{\"@id\":\"https:\\\/\\\/spinstein.org\\\/pl\\\/#\\\/schema\\\/logo\\\/image\\\/\"}}]}<\/script>\n<!-- \/ Yoast SEO plugin. -->","yoast_head_json":{"title":"Spinstein Login\u2013 Zarejestruj si\u0119 i zarz\u0105dzaj kontem","description":"Z \u0142atwo\u015bci\u0105 za\u0142\u00f3\u017c konto w kasynie Spinstein, zarz\u0105dzaj nim i weryfikuj je dzi\u0119ki szybkiej rejestracji, p\u0142ynnemu procesowi odzyskiwania konta oraz bezpiecznemu zamkni\u0119ciu konta, co zapewnia ca\u0142odobow\u0105 ochron\u0119 za po\u015brednictwem logowania do serwisu Spinstein.","robots":{"index":"index","follow":"follow","max-snippet":"max-snippet:-1","max-image-preview":"max-image-preview:large","max-video-preview":"max-video-preview:-1"},"canonical":"https:\/\/spinstein.org\/pl\/logowanie-i-rejestracja\/","og_locale":"pl_PL","og_type":"article","og_title":"Spinstein Login\u2013 Zarejestruj si\u0119 i zarz\u0105dzaj kontem","og_description":"Z \u0142atwo\u015bci\u0105 za\u0142\u00f3\u017c konto w kasynie Spinstein, zarz\u0105dzaj nim i weryfikuj je dzi\u0119ki szybkiej rejestracji, p\u0142ynnemu procesowi odzyskiwania konta oraz bezpiecznemu zamkni\u0119ciu konta, co zapewnia ca\u0142odobow\u0105 ochron\u0119 za po\u015brednictwem logowania do serwisu Spinstein.","og_url":"https:\/\/spinstein.org\/pl\/logowanie-i-rejestracja\/","og_site_name":"spinstein","article_modified_time":"2026-03-23T11:21:18+00:00","twitter_card":"summary_large_image","twitter_misc":{"Est. reading time":"1 minute"},"schema":{"@context":"https:\/\/schema.org","@graph":[{"@type":"WebPage","@id":"https:\/\/spinstein.org\/pl\/logowanie-i-rejestracja\/","url":"https:\/\/spinstein.org\/pl\/logowanie-i-rejestracja\/","name":"Spinstein Login\u2013 Zarejestruj si\u0119 i zarz\u0105dzaj kontem","isPartOf":{"@id":"https:\/\/spinstein.org\/pl\/#website"},"datePublished":"2026-01-20T12:11:11+00:00","dateModified":"2026-03-23T11:21:18+00:00","description":"Z \u0142atwo\u015bci\u0105 za\u0142\u00f3\u017c konto w kasynie Spinstein, zarz\u0105dzaj nim i weryfikuj je dzi\u0119ki szybkiej rejestracji, p\u0142ynnemu procesowi odzyskiwania konta oraz bezpiecznemu zamkni\u0119ciu konta, co zapewnia ca\u0142odobow\u0105 ochron\u0119 za po\u015brednictwem logowania do serwisu Spinstein.","breadcrumb":{"@id":"https:\/\/spinstein.org\/pl\/logowanie-i-rejestracja\/#breadcrumb"},"inLanguage":"pl-PL","potentialAction":[{"@type":"ReadAction","target":["https:\/\/spinstein.org\/pl\/logowanie-i-rejestracja\/"]}]},{"@type":"BreadcrumbList","@id":"https:\/\/spinstein.org\/pl\/logowanie-i-rejestracja\/#breadcrumb","itemListElement":[{"@type":"ListItem","position":1,"name":"Spinstein","item":"https:\/\/spinstein.org\/pl\/"},{"@type":"ListItem","position":2,"name":"Logowanie i rejestracja"}]},{"@type":"WebSite","@id":"https:\/\/spinstein.org\/pl\/#website","url":"https:\/\/spinstein.org\/pl\/","name":"Spinstein","description":"","publisher":{"@id":"https:\/\/spinstein.org\/pl\/#organization"},"potentialAction":[{"@type":"SearchAction","target":{"@type":"EntryPoint","urlTemplate":"https:\/\/spinstein.org\/pl\/?s={search_term_string}"},"query-input":{"@type":"PropertyValueSpecification","valueRequired":true,"valueName":"search_term_string"}}],"inLanguage":"pl-PL"},{"@type":"Organization","@id":"https:\/\/spinstein.org\/pl\/#organization","name":"Spinstein","url":"https:\/\/spinstein.org\/pl\/","logo":{"@type":"ImageObject","inLanguage":"pl-PL","@id":"https:\/\/spinstein.org\/pl\/#\/schema\/logo\/image\/","url":"https:\/\/spinstein.org\/wp-content\/uploads\/2026\/03\/spinstein-logo.svg","contentUrl":"https:\/\/spinstein.org\/wp-content\/uploads\/2026\/03\/spinstein-logo.svg","width":83,"height":20,"caption":"Spinstein"},"image":{"@id":"https:\/\/spinstein.org\/pl\/#\/schema\/logo\/image\/"}}]}},"_links":{"self":[{"href":"https:\/\/spinstein.org\/pl\/wp-json\/wp\/v2\/pages\/1486","targetHints":{"allow":["GET"]}}],"collection":[{"href":"https:\/\/spinstein.org\/pl\/wp-json\/wp\/v2\/pages"}],"about":[{"href":"https:\/\/spinstein.org\/pl\/wp-json\/wp\/v2\/types\/page"}],"author":[{"embeddable":true,"href":"https:\/\/spinstein.org\/pl\/wp-json\/wp\/v2\/users\/1"}],"replies":[{"embeddable":true,"href":"https:\/\/spinstein.org\/pl\/wp-json\/wp\/v2\/comments?post=1486"}],"version-history":[{"count":3,"href":"https:\/\/spinstein.org\/pl\/wp-json\/wp\/v2\/pages\/1486\/revisions"}],"predecessor-version":[{"id":2022,"href":"https:\/\/spinstein.org\/pl\/wp-json\/wp\/v2\/pages\/1486\/revisions\/2022"}],"wp:attachment":[{"href":"https:\/\/spinstein.org\/pl\/wp-json\/wp\/v2\/media?parent=1486"}],"curies":[{"name":"wp","href":"https:\/\/api.w.org\/{rel}","templated":true}]}}