{"id":1445,"date":"2026-01-20T12:08:23","date_gmt":"2026-01-20T12:08:23","guid":{"rendered":"https:\/\/bonuskongcasino.com\/app\/"},"modified":"2026-03-23T11:03:14","modified_gmt":"2026-03-23T11:03:14","slug":"applicazione","status":"publish","type":"page","link":"https:\/\/spinstein.org\/it\/applicazione\/","title":{"rendered":"Applicazione"},"content":{"rendered":"<h1>App Spinstein: Casin\u00f2 mobile<\/h1>\n<p>L&#8217;app Spinstein \u00e8 perfetta per chi preferisce giocare sui dispositivi mobili. Offre accesso alle slot online, ai giochi da tavolo e ad altri contenuti del casin\u00f2 tramite un&#8217;interfaccia ottimizzata per i dispositivi mobili. La piattaforma \u00e8 progettata per funzionare su diversi dispositivi, consentendo ai giocatori di utilizzare i propri account e i propri giochi in modo pi\u00f9 flessibile.<\/p>\n<div class=\"banner-wrap\" aria-label=\"Banner\"><img src=\"https:\/\/spinstein.org\/wp-content\/uploads\/2026\/03\/Spinstein-banner-carousel-800\u0445400.webp\" class=\"w-100 d-none d-lg-block img-pc main-banner-img\" alt=\"promo desktop\" fetchpriority=\"high\" decoding=\"async\"><img src=\"https:\/\/spinstein.org\/wp-content\/uploads\/2026\/03\/spinstein-banner-mobile.webp\" class=\"w-100 d-none d-md-block d-lg-none main-banner-img\" alt=\"promo mobile\" fetchpriority=\"high\" decoding=\"async\"><img src=\"https:\/\/spinstein.org\/wp-content\/uploads\/2026\/03\/spinstein-banner-mobile.webp\" class=\"w-100 d-md-none\" alt=\"promo mobile\" fetchpriority=\"high\" decoding=\"async\"><div class=\"banner-description\">\n<div class=\"banner-title\">Bonus di benvenuto<\/div>\n<p class=\"banner-header-title\">1500 \u20ac<\/p>\n<div class=\"banner-header-AdditionalText\">+ 250 Giri gratuiti<\/div>\n<button data-item=\"homepage_banner_link\" class=\"goto m-button m-gradient-border m-button--primary m-button--large banner-button btn-orange\">\n            <div class=\"m-button-content\">\n                <span>Iscriviti ora<\/span>\n                <span><\/span>\n            <\/div>\n        <\/button>\n<\/div>\n<div class=\"WelcomePack\">\n<p><img loading=\"lazy\" decoding=\"async\" class=\"alignnone size-full wp-image-1856\" src=\"https:\/\/spinstein.org\/wp-content\/uploads\/2026\/03\/welcome-crown-1.png\" alt=\"welcome crown\" width=\"25\" height=\"26\" \/><\/p>\n<div class=\"WelcomePack-Info\">Cashback settimanale fino al 25%<\/div>\n<p><img loading=\"lazy\" decoding=\"async\" class=\"alignnone size-full wp-image-1856\" src=\"https:\/\/spinstein.org\/wp-content\/uploads\/2026\/03\/welcome-crown-1.png\" alt=\"welcome crown\" width=\"25\" height=\"26\" \/><\/p>\n<\/div>\n<\/div>\n<h2>Piattaforma mobile Spinstein<\/h2>\n<p>La piattaforma mobile Spinstein punta su velocit\u00e0, sicurezza e facilit\u00e0 di navigazione. Rispetto all&#8217;utilizzo tramite browser standard, l&#8217;app \u00e8 pensata per garantire tempi di caricamento pi\u00f9 rapidi, prestazioni pi\u00f9 fluide e un accesso pi\u00f9 semplice alle principali funzionalit\u00e0 dell&#8217;account. Gli utenti possono accedere rapidamente alle sezioni relative a depositi, prelievi, bonus e assistenza senza dover passare da una pagina all&#8217;altra.<\/p>\n<p>La piattaforma \u00e8 stata inoltre progettata prestando particolare attenzione alle prestazioni e alla sicurezza degli account. La sua struttura tecnica riduce i ritardi durante il gioco e garantisce transazioni sicure. Spinstein aggiorna inoltre la propria piattaforma mobile nel tempo, aggiungendo nuove funzionalit\u00e0 e miglioramenti in termini di sicurezza.<\/p>\n<p><div class=\"scrollable-content-wrap my-5\"><div class=\"scrollable-content-inner\"><h2>App Spinstein per Android<\/h2>\n<p>La versione Android dell&#8217;app Spinstein \u00e8 disponibile in un formato che non richiede un file di installazione di grandi dimensioni. Funziona come un&#8217;applicazione web progressiva, il che significa che gli utenti possono aggiungerla direttamente dal sito web ufficiale in pochi semplici passaggi.<\/p>\n<h3>Spinstein APK<\/h3>\n<p>La piattaforma si basa ora principalmente sulla versione PWA. I tradizionali file APK richiedono spesso download manuali e aggiornamenti separati, il che pu\u00f2 risultare meno pratico e comportare ulteriori rischi per la sicurezza. Grazie al formato PWA, gli utenti Android possono accedere all&#8217;ultima versione della piattaforma mobile Spinstein senza dover installare manualmente gli aggiornamenti.<\/p>\n<h3>PWA<\/h3>\n<p>Per i dispositivi Android, la PWA di Spinstein pu\u00f2 essere installata direttamente dal sito web principale. Gli utenti devono aprire la pagina iniziale, toccare il pulsante \u00abApp del casin\u00f2\u00bb e seguire le istruzioni visualizzate sullo schermo. Una volta completata l&#8217;installazione, l&#8217;icona dell&#8217;app apparir\u00e0 sulla schermata iniziale o nel menu del dispositivo, facilitando cos\u00ec l&#8217;accesso alla piattaforma.<\/p>\n<p>L&#8217;interfaccia \u00e8 ottimizzata per smartphone e tablet e si adatta alle diverse dimensioni dello schermo. Di conseguenza, gli utenti possono accedere all&#8217;intera libreria di giochi e agli strumenti dell&#8217;account in un formato simile a quello di una normale applicazione mobile.<\/p>\n<p><img loading=\"lazy\" decoding=\"async\" class=\"alignnone size-full wp-image-1888\" src=\"https:\/\/spinstein.org\/wp-content\/uploads\/2026\/03\/Spinstein-Android-App.webp\" alt=\"Spinstein Android App\" width=\"1248\" height=\"536\" srcset=\"https:\/\/spinstein.org\/wp-content\/uploads\/2026\/03\/Spinstein-Android-App.webp 1248w, https:\/\/spinstein.org\/wp-content\/uploads\/2026\/03\/Spinstein-Android-App-300x129.webp 300w, https:\/\/spinstein.org\/wp-content\/uploads\/2026\/03\/Spinstein-Android-App-1024x440.webp 1024w, https:\/\/spinstein.org\/wp-content\/uploads\/2026\/03\/Spinstein-Android-App-768x330.webp 768w\" sizes=\"auto, (max-width: 1248px) 100vw, 1248px\" \/><\/p>\n<\/div><\/div><div style=\"clear: both\"><\/div><div class=\"d-flex justify-content-center\"><button data-item=\"decouvrez_link\" data-group=\"website_links\" class=\"goto fw-bold rounded-pill btn btn-orange\" aria-label=\"Scarica l&#039;app Spinstein\" >Scarica l&#039;app Spinstein<\/button><\/div><div class=\"scrollable-content-wrap my-5\"><div class=\"scrollable-content-inner\"><h2>App Spinstein per iOS<\/h2>\n<p>Gli utenti di iPhone e iPad possono accedere alla piattaforma anche tramite una versione PWA basata sul web ottimizzata per Safari. Per installarla, \u00e8 sufficiente visitare la pagina principale del casin\u00f2, toccare l&#8217;opzione di installazione e aggiungere l&#8217;app alla schermata iniziale. Questo metodo si inserisce nel modello di utilizzo generale basato sul browser di Apple ed evita di dover scaricare l&#8217;app da uno store separato.<\/p>\n<p>La versione per iOS \u00e8 progettata per i comandi touch, con elementi di navigazione pi\u00f9 facili da usare su schermi pi\u00f9 piccoli. Supporta inoltre le notifiche push, che possono includere aggiornamenti su bonus, nuove uscite di giochi e altre notizie relative alla piattaforma.<\/p>\n<p>I vantaggi della PWA di Spinstein sono:<\/p>\n<ul>\n<li>maggiore sicurezza, poich\u00e9 non sono necessari file di installazione aggiuntivi<\/li>\n<li>non \u00e8 necessario cercare file APK su siti web di terze parti<\/li>\n<li>nessuna dipendenza da Google Play o dall&#8217;App Store<\/li>\n<li>impatto minimo sulla memoria del dispositivo e sul consumo della batteria<\/li>\n<\/ul>\n<p><img loading=\"lazy\" decoding=\"async\" class=\"alignnone size-full wp-image-1912\" src=\"https:\/\/spinstein.org\/wp-content\/uploads\/2026\/03\/Spinstein-iOS-App.webp\" alt=\"Spinstein iOS App\" width=\"1248\" height=\"536\" srcset=\"https:\/\/spinstein.org\/wp-content\/uploads\/2026\/03\/Spinstein-iOS-App.webp 1248w, https:\/\/spinstein.org\/wp-content\/uploads\/2026\/03\/Spinstein-iOS-App-300x129.webp 300w, https:\/\/spinstein.org\/wp-content\/uploads\/2026\/03\/Spinstein-iOS-App-1024x440.webp 1024w, https:\/\/spinstein.org\/wp-content\/uploads\/2026\/03\/Spinstein-iOS-App-768x330.webp 768w\" sizes=\"auto, (max-width: 1248px) 100vw, 1248px\" \/><\/p>\n<\/div><\/div><div style=\"clear: both\"><\/div><div class=\"d-flex justify-content-center\"><button data-item=\"decouvrez_link\" data-group=\"website_links\" class=\"goto fw-bold rounded-pill btn btn-orange\" aria-label=\"Scarica l&#039;app Spinstein\" >Scarica l&#039;app Spinstein<\/button><\/div><div class=\"scrollable-content-wrap my-5\"><div class=\"scrollable-content-inner\"><h2>Download delle app per Windows e macOS<\/h2>\n<p>Spinstein pu\u00f2 essere utilizzato anche su dispositivi desktop, compresi i sistemi con Windows e macOS. La versione desktop \u00e8 stata progettata per garantire prestazioni stabili, una grafica nitida e l&#8217;accesso alle stesse funzionalit\u00e0 principali disponibili sulle altre versioni della piattaforma. Ci\u00f2 include l&#8217;assistenza clienti, gli strumenti di verifica dell&#8217;account e le principali sezioni di gioco.<\/p>\n<p>La piattaforma funziona con i browser supportati, quali Google Chrome, Mozilla Firefox, Safari e Microsoft Edge. Ci\u00f2 consente agli utenti di accedere a Spinstein da un computer fisso o portatile senza dover installare, nella maggior parte dei casi, alcun software aggiuntivo.<\/p>\n<table>\n<tbody>\n<tr>\n<td>Vantaggi<\/td>\n<td>Contro<\/td>\n<\/tr>\n<tr>\n<td>Pu\u00f2 essere avviato direttamente dal browser senza bisogno di un&#8217;installazione completa<\/td>\n<td>Richiede una connessione a Internet e non supporta completamente l&#8217;utilizzo offline<\/td>\n<\/tr>\n<tr>\n<td>Si pu\u00f2 aggiungere dal sito web in pochi minuti, senza bisogno di scaricare file di grandi dimensioni n\u00e9 di accedere all&#8217;app store<\/td>\n<td>Le prestazioni dipendono dal browser e dal dispositivo utilizzati<\/td>\n<\/tr>\n<tr>\n<td>Esegue sempre l&#8217;ultima versione senza bisogno di aggiornamenti manuali<\/td>\n<td>Alcuni browser o dispositivi potrebbero limitare il supporto delle notifiche push<\/td>\n<\/tr>\n<tr>\n<td>Funziona su diversi sistemi operativi e dispositivi mobili, inclusi Android e iOS tramite Safari<\/td>\n<td>In alcuni casi, le prestazioni potrebbero risultare meno costanti rispetto a quelle di un&#8217;app completamente nativa<\/td>\n<\/tr>\n<tr>\n<td>Occupa meno spazio di archiviazione rispetto a un&#8217;applicazione tradizionale installata<\/td>\n<td><\/td>\n<\/tr>\n<tr>\n<td>Vantaggi derivanti dagli aggiornamenti di sicurezza del browser e dagli strumenti di protezione integrati<\/td>\n<td><\/td>\n<\/tr>\n<\/tbody>\n<\/table>\n<p><img loading=\"lazy\" decoding=\"async\" class=\"alignnone size-full wp-image-1904\" src=\"https:\/\/spinstein.org\/wp-content\/uploads\/2026\/03\/Spinstein-Desktop.webp\" alt=\"Spinstein Desktop\" width=\"1248\" height=\"536\" srcset=\"https:\/\/spinstein.org\/wp-content\/uploads\/2026\/03\/Spinstein-Desktop.webp 1248w, https:\/\/spinstein.org\/wp-content\/uploads\/2026\/03\/Spinstein-Desktop-300x129.webp 300w, https:\/\/spinstein.org\/wp-content\/uploads\/2026\/03\/Spinstein-Desktop-1024x440.webp 1024w, https:\/\/spinstein.org\/wp-content\/uploads\/2026\/03\/Spinstein-Desktop-768x330.webp 768w\" sizes=\"auto, (max-width: 1248px) 100vw, 1248px\" \/><\/p>\n<\/div><\/div><div style=\"clear: both\"><\/div><div class=\"d-flex justify-content-center\"><button data-item=\"decouvrez_link\" data-group=\"website_links\" class=\"goto fw-bold rounded-pill btn btn-orange\" aria-label=\"Scarica l&#039;app Spinstein\" >Scarica l&#039;app Spinstein<\/button><\/div><div class=\"scrollable-content-wrap my-5\"><div class=\"scrollable-content-inner\"><h2>FAQ<\/h2>\n<h3>L&#8217;app di Spinstein Casino offre un servizio di assistenza clienti?<\/h3>\n<p>S\u00ec, l&#8217;assistenza clienti \u00e8 disponibile sia tramite l&#8217;app Spinstein che sul sito web ufficiale. Gli utenti possono contattare il team di assistenza tramite la chat live in qualsiasi momento della giornata. Il servizio \u00e8 pensato per fornire assistenza in caso di problemi tecnici, domande relative alla verifica dell&#8217;identit\u00e0 e altre questioni riguardanti l&#8217;account o la piattaforma.<\/p>\n<h3>Devo avere un account per usare l&#8217;app Spinstein?<\/h3>\n<p>\u00c8 necessario creare un account per poter accedere a tutte le funzionalit\u00e0 della piattaforma, tra cui depositi, prelievi, cronologia delle transazioni e gioco con denaro reale. Allo stesso tempo, alcuni giochi potrebbero essere disponibili in modalit\u00e0 demo senza registrazione. Per utilizzare tutte le funzioni dell&#8217;account, i giocatori devono completare la procedura di registrazione e verifica. Questa procedura \u00e8 pensata per garantire la sicurezza dell&#8217;account e consentire l&#8217;accesso ai principali servizi del casin\u00f2.<\/p>\n<h3>Tutti i giochi sono disponibili nell&#8217;app Spinstein?<\/h3>\n<p>La maggior parte dei giochi offerti da Spinstein \u00e8 accessibile anche tramite l&#8217;app mobile, compresa un&#8217;ampia selezione di slot e altri titoli da casin\u00f2. Allo stesso tempo, alcuni giochi o funzionalit\u00e0 potrebbero essere disponibili solo nella versione desktop o nell&#8217;interfaccia web. Per la maggior parte degli utenti, tuttavia, l&#8217;app include la libreria di giochi principale e le funzioni fondamentali della piattaforma.<\/p>\n<\/div><\/div><\/p>\n","protected":false},"excerpt":{"rendered":"<p>App Spinstein: Casin\u00f2 mobile L&#8217;app Spinstein \u00e8 perfetta per chi preferisce giocare sui dispositivi mobili. Offre accesso alle slot online, ai giochi da tavolo e ad altri contenuti del casin\u00f2 tramite un&#8217;interfaccia ottimizzata per i dispositivi mobili. La piattaforma \u00e8 progettata per funzionare su diversi dispositivi, consentendo ai giocatori di utilizzare i propri account e [&hellip;]<\/p>\n","protected":false},"author":1,"featured_media":0,"parent":0,"menu_order":0,"comment_status":"closed","ping_status":"closed","template":"template-builder.php","meta":{"_acf_changed":false,"inline_featured_image":false,"footnotes":""},"class_list":["post-1445","page","type-page","status-publish","hentry"],"acf":[],"yoast_head":"<!-- This site is optimized with the Yoast SEO plugin v27.3 - https:\/\/yoast.com\/product\/yoast-seo-wordpress\/ -->\n<title>Scarica Spinstein App | iOS e Android<\/title>\n<meta name=\"description\" content=\"L&#039;app Spinstein garantisce un&#039;esperienza di gioco impeccabile su piattaforme Android, iOS, Windows e macOS, con sincronizzazione dell&#039;account, aggiornamenti regolari e assistenza clienti integrata per un utilizzo semplice.\" \/>\n<meta name=\"robots\" content=\"index, follow, max-snippet:-1, max-image-preview:large, max-video-preview:-1\" \/>\n<link rel=\"canonical\" href=\"https:\/\/spinstein.org\/it\/applicazione\/\" \/>\n<meta property=\"og:locale\" content=\"it_IT\" \/>\n<meta property=\"og:type\" content=\"article\" \/>\n<meta property=\"og:title\" content=\"Scarica Spinstein App | iOS e Android\" \/>\n<meta property=\"og:description\" content=\"L&#039;app Spinstein garantisce un&#039;esperienza di gioco impeccabile su piattaforme Android, iOS, Windows e macOS, con sincronizzazione dell&#039;account, aggiornamenti regolari e assistenza clienti integrata per un utilizzo semplice.\" \/>\n<meta property=\"og:url\" content=\"https:\/\/spinstein.org\/it\/applicazione\/\" \/>\n<meta property=\"og:site_name\" content=\"spinstein\" \/>\n<meta property=\"article:modified_time\" content=\"2026-03-23T11:03:14+00:00\" \/>\n<meta name=\"twitter:card\" content=\"summary_large_image\" \/>\n<meta name=\"twitter:label1\" content=\"Est. reading time\" \/>\n\t<meta name=\"twitter:data1\" content=\"1 minute\" \/>\n<script type=\"application\/ld+json\" class=\"yoast-schema-graph\">{\"@context\":\"https:\\\/\\\/schema.org\",\"@graph\":[{\"@type\":\"WebPage\",\"@id\":\"https:\\\/\\\/spinstein.org\\\/it\\\/applicazione\\\/\",\"url\":\"https:\\\/\\\/spinstein.org\\\/it\\\/applicazione\\\/\",\"name\":\"Scarica Spinstein App | iOS e Android\",\"isPartOf\":{\"@id\":\"https:\\\/\\\/spinstein.org\\\/it\\\/#website\"},\"datePublished\":\"2026-01-20T12:08:23+00:00\",\"dateModified\":\"2026-03-23T11:03:14+00:00\",\"description\":\"L'app Spinstein garantisce un'esperienza di gioco impeccabile su piattaforme Android, iOS, Windows e macOS, con sincronizzazione dell'account, aggiornamenti regolari e assistenza clienti integrata per un utilizzo semplice.\",\"breadcrumb\":{\"@id\":\"https:\\\/\\\/spinstein.org\\\/it\\\/applicazione\\\/#breadcrumb\"},\"inLanguage\":\"it-IT\",\"potentialAction\":[{\"@type\":\"ReadAction\",\"target\":[\"https:\\\/\\\/spinstein.org\\\/it\\\/applicazione\\\/\"]}]},{\"@type\":\"BreadcrumbList\",\"@id\":\"https:\\\/\\\/spinstein.org\\\/it\\\/applicazione\\\/#breadcrumb\",\"itemListElement\":[{\"@type\":\"ListItem\",\"position\":1,\"name\":\"Spinstein\",\"item\":\"https:\\\/\\\/spinstein.org\\\/it\\\/\"},{\"@type\":\"ListItem\",\"position\":2,\"name\":\"Applicazione\"}]},{\"@type\":\"WebSite\",\"@id\":\"https:\\\/\\\/spinstein.org\\\/it\\\/#website\",\"url\":\"https:\\\/\\\/spinstein.org\\\/it\\\/\",\"name\":\"Spinstein\",\"description\":\"\",\"publisher\":{\"@id\":\"https:\\\/\\\/spinstein.org\\\/it\\\/#organization\"},\"potentialAction\":[{\"@type\":\"SearchAction\",\"target\":{\"@type\":\"EntryPoint\",\"urlTemplate\":\"https:\\\/\\\/spinstein.org\\\/it\\\/?s={search_term_string}\"},\"query-input\":{\"@type\":\"PropertyValueSpecification\",\"valueRequired\":true,\"valueName\":\"search_term_string\"}}],\"inLanguage\":\"it-IT\"},{\"@type\":\"Organization\",\"@id\":\"https:\\\/\\\/spinstein.org\\\/it\\\/#organization\",\"name\":\"Spinstein\",\"url\":\"https:\\\/\\\/spinstein.org\\\/it\\\/\",\"logo\":{\"@type\":\"ImageObject\",\"inLanguage\":\"it-IT\",\"@id\":\"https:\\\/\\\/spinstein.org\\\/it\\\/#\\\/schema\\\/logo\\\/image\\\/\",\"url\":\"https:\\\/\\\/spinstein.org\\\/wp-content\\\/uploads\\\/2026\\\/03\\\/spinstein-logo.svg\",\"contentUrl\":\"https:\\\/\\\/spinstein.org\\\/wp-content\\\/uploads\\\/2026\\\/03\\\/spinstein-logo.svg\",\"width\":83,\"height\":20,\"caption\":\"Spinstein\"},\"image\":{\"@id\":\"https:\\\/\\\/spinstein.org\\\/it\\\/#\\\/schema\\\/logo\\\/image\\\/\"}}]}<\/script>\n<!-- \/ Yoast SEO plugin. -->","yoast_head_json":{"title":"Scarica Spinstein App | iOS e Android","description":"L'app Spinstein garantisce un'esperienza di gioco impeccabile su piattaforme Android, iOS, Windows e macOS, con sincronizzazione dell'account, aggiornamenti regolari e assistenza clienti integrata per un utilizzo semplice.","robots":{"index":"index","follow":"follow","max-snippet":"max-snippet:-1","max-image-preview":"max-image-preview:large","max-video-preview":"max-video-preview:-1"},"canonical":"https:\/\/spinstein.org\/it\/applicazione\/","og_locale":"it_IT","og_type":"article","og_title":"Scarica Spinstein App | iOS e Android","og_description":"L'app Spinstein garantisce un'esperienza di gioco impeccabile su piattaforme Android, iOS, Windows e macOS, con sincronizzazione dell'account, aggiornamenti regolari e assistenza clienti integrata per un utilizzo semplice.","og_url":"https:\/\/spinstein.org\/it\/applicazione\/","og_site_name":"spinstein","article_modified_time":"2026-03-23T11:03:14+00:00","twitter_card":"summary_large_image","twitter_misc":{"Est. reading time":"1 minute"},"schema":{"@context":"https:\/\/schema.org","@graph":[{"@type":"WebPage","@id":"https:\/\/spinstein.org\/it\/applicazione\/","url":"https:\/\/spinstein.org\/it\/applicazione\/","name":"Scarica Spinstein App | iOS e Android","isPartOf":{"@id":"https:\/\/spinstein.org\/it\/#website"},"datePublished":"2026-01-20T12:08:23+00:00","dateModified":"2026-03-23T11:03:14+00:00","description":"L'app Spinstein garantisce un'esperienza di gioco impeccabile su piattaforme Android, iOS, Windows e macOS, con sincronizzazione dell'account, aggiornamenti regolari e assistenza clienti integrata per un utilizzo semplice.","breadcrumb":{"@id":"https:\/\/spinstein.org\/it\/applicazione\/#breadcrumb"},"inLanguage":"it-IT","potentialAction":[{"@type":"ReadAction","target":["https:\/\/spinstein.org\/it\/applicazione\/"]}]},{"@type":"BreadcrumbList","@id":"https:\/\/spinstein.org\/it\/applicazione\/#breadcrumb","itemListElement":[{"@type":"ListItem","position":1,"name":"Spinstein","item":"https:\/\/spinstein.org\/it\/"},{"@type":"ListItem","position":2,"name":"Applicazione"}]},{"@type":"WebSite","@id":"https:\/\/spinstein.org\/it\/#website","url":"https:\/\/spinstein.org\/it\/","name":"Spinstein","description":"","publisher":{"@id":"https:\/\/spinstein.org\/it\/#organization"},"potentialAction":[{"@type":"SearchAction","target":{"@type":"EntryPoint","urlTemplate":"https:\/\/spinstein.org\/it\/?s={search_term_string}"},"query-input":{"@type":"PropertyValueSpecification","valueRequired":true,"valueName":"search_term_string"}}],"inLanguage":"it-IT"},{"@type":"Organization","@id":"https:\/\/spinstein.org\/it\/#organization","name":"Spinstein","url":"https:\/\/spinstein.org\/it\/","logo":{"@type":"ImageObject","inLanguage":"it-IT","@id":"https:\/\/spinstein.org\/it\/#\/schema\/logo\/image\/","url":"https:\/\/spinstein.org\/wp-content\/uploads\/2026\/03\/spinstein-logo.svg","contentUrl":"https:\/\/spinstein.org\/wp-content\/uploads\/2026\/03\/spinstein-logo.svg","width":83,"height":20,"caption":"Spinstein"},"image":{"@id":"https:\/\/spinstein.org\/it\/#\/schema\/logo\/image\/"}}]}},"_links":{"self":[{"href":"https:\/\/spinstein.org\/it\/wp-json\/wp\/v2\/pages\/1445","targetHints":{"allow":["GET"]}}],"collection":[{"href":"https:\/\/spinstein.org\/it\/wp-json\/wp\/v2\/pages"}],"about":[{"href":"https:\/\/spinstein.org\/it\/wp-json\/wp\/v2\/types\/page"}],"author":[{"embeddable":true,"href":"https:\/\/spinstein.org\/it\/wp-json\/wp\/v2\/users\/1"}],"replies":[{"embeddable":true,"href":"https:\/\/spinstein.org\/it\/wp-json\/wp\/v2\/comments?post=1445"}],"version-history":[{"count":4,"href":"https:\/\/spinstein.org\/it\/wp-json\/wp\/v2\/pages\/1445\/revisions"}],"predecessor-version":[{"id":2012,"href":"https:\/\/spinstein.org\/it\/wp-json\/wp\/v2\/pages\/1445\/revisions\/2012"}],"wp:attachment":[{"href":"https:\/\/spinstein.org\/it\/wp-json\/wp\/v2\/media?parent=1445"}],"curies":[{"name":"wp","href":"https:\/\/api.w.org\/{rel}","templated":true}]}}