{"id":1482,"date":"2026-01-20T12:11:11","date_gmt":"2026-01-20T12:11:11","guid":{"rendered":"https:\/\/bonuskongcasino.com\/login-and-registration\/"},"modified":"2026-03-23T10:17:27","modified_gmt":"2026-03-23T10:17:27","slug":"connexion-et-inscription","status":"publish","type":"page","link":"https:\/\/spinstein.org\/fr\/connexion-et-inscription\/","title":{"rendered":"Connexion et inscription"},"content":{"rendered":"<h1>Login \u00e0 Spinstein : acc\u00e8s au compte et gestion du profil<\/h1>\n<p>Login \u00e0 Spinstein est le principal moyen d&rsquo;acc\u00e9der \u00e0 votre compte de casino et de g\u00e9rer votre activit\u00e9 sur la plateforme. Le site web a \u00e9t\u00e9 con\u00e7u pour faciliter la connexion tout en mettant l&rsquo;accent sur la s\u00e9curit\u00e9 et la convivialit\u00e9. Les joueurs peuvent utiliser leur compte pour explorer la biblioth\u00e8que de jeux, g\u00e9rer leurs paiements et contacter le service client en cas de besoin.<\/p>\n<p><div class=\"banner-wrap\" aria-label=\"Banner\"><img src=\"https:\/\/spinstein.org\/wp-content\/uploads\/2026\/03\/Spinstein-banner-carousel-800\u0445400.webp\" class=\"w-100 d-none d-lg-block img-pc main-banner-img\" alt=\"promo desktop\" fetchpriority=\"high\" decoding=\"async\"><img src=\"https:\/\/spinstein.org\/wp-content\/uploads\/2026\/03\/spinstein-banner-mobile.webp\" class=\"w-100 d-none d-md-block d-lg-none main-banner-img\" alt=\"promo mobile\" fetchpriority=\"high\" decoding=\"async\"><img src=\"https:\/\/spinstein.org\/wp-content\/uploads\/2026\/03\/spinstein-banner-mobile.webp\" class=\"w-100 d-md-none\" alt=\"promo mobile\" fetchpriority=\"high\" decoding=\"async\"><div class=\"banner-description\">\n<div class=\"banner-title\">Bonus de bienvenue<\/div>\n<p class=\"banner-header-title\">1500 \u20ac<\/p>\n<div class=\"banner-header-AdditionalText\">+ 250 Tours gratuits<\/div>\n<button data-item=\"homepage_banner_link\" class=\"goto m-button m-gradient-border m-button--primary m-button--large banner-button btn-orange\">\n            <div class=\"m-button-content\">\n                <span>Inscrivez-vous d\u00e8s maintenant<\/span>\n                <span><\/span>\n            <\/div>\n        <\/button>\n<\/div>\n<div class=\"WelcomePack\">\n<p><img loading=\"lazy\" decoding=\"async\" class=\"alignnone size-full wp-image-1853\" src=\"https:\/\/spinstein.org\/wp-content\/uploads\/2026\/03\/welcome-crown-1.png\" alt=\"welcome crown\" width=\"25\" height=\"26\" \/><\/p>\n<div class=\"WelcomePack-Info\">Cashback hebdomadaire jusqu&rsquo;\u00e0 25 %<\/div>\n<p><img loading=\"lazy\" decoding=\"async\" class=\"alignnone size-full wp-image-1853\" src=\"https:\/\/spinstein.org\/wp-content\/uploads\/2026\/03\/welcome-crown-1.png\" alt=\"welcome crown\" width=\"25\" height=\"26\" \/><\/p>\n<\/div>\n<\/div><div class=\"scrollable-content-wrap my-5\"><div class=\"scrollable-content-inner\"><h2>Inscription pour les nouveaux utilisateurs<\/h2>\n<p>La proc\u00e9dure d&rsquo;inscription sur Spinstein est con\u00e7ue pour \u00eatre simple et s\u00e9curis\u00e9e. Elle constitue le point d&rsquo;acc\u00e8s \u00e0 l&rsquo;ensemble de la plateforme et est accessible aux utilisateurs \u00e2g\u00e9s de 18 ans ou plus. Le site web prend \u00e9galement en charge plusieurs langues, ce qui facilite l&rsquo;utilisation du service pour les joueurs de diff\u00e9rentes r\u00e9gions. Une fois inscrits, les utilisateurs peuvent acc\u00e9der aux principales fonctionnalit\u00e9s de la plateforme et g\u00e9rer leur activit\u00e9 de jeu via un compte personnel.<\/p>\n<h3>Cr\u00e9ez votre compte Spinstein<\/h3>\n<p>La cr\u00e9ation d&rsquo;un compte sur Spinstein permet aux utilisateurs d&rsquo;acc\u00e9der aux principales fonctionnalit\u00e9s de la plateforme, notamment les machines \u00e0 sous, les jeux de table et les jeux avec croupier en direct. L&rsquo;inscription permet \u00e9galement aux joueurs d&rsquo;utiliser les options de paiement, de participer \u00e0 des tournois, de b\u00e9n\u00e9ficier d&rsquo;offres promotionnelles et de g\u00e9rer leur profil de jeu.<\/p>\n<p>La proc\u00e9dure d&rsquo;inscription est relativement simple. Pour s&rsquo;inscrire, les utilisateurs doivent g\u00e9n\u00e9ralement suivre les \u00e9tapes suivantes :<\/p>\n<ol>\n<li>Acc\u00e9der \u00e0 la page d&rsquo;accueil de Spinstein<\/li>\n<li>Trouvez le bouton d&rsquo;inscription<\/li>\n<li>Remplissez le formulaire d&rsquo;inscription<\/li>\n<li>Entrez une adresse e-mail valide et cr\u00e9ez un mot de passe s\u00e9curis\u00e9<\/li>\n<li>Lisez et acceptez les conditions g\u00e9n\u00e9rales tout en confirmant que vous avez l&rsquo;\u00e2ge l\u00e9gal<\/li>\n<li>Envoyer le formulaire d&rsquo;inscription<\/li>\n<li>V\u00e9rifiez votre adresse e-mail en cliquant sur le lien envoy\u00e9 dans votre bo\u00eete de r\u00e9ception<\/li>\n<\/ol>\n<p>D&rsquo;autres informations personnelles, telles que le nom complet, la date de naissance et l&rsquo;adresse postale, peuvent g\u00e9n\u00e9ralement \u00eatre ajout\u00e9es ult\u00e9rieurement dans les param\u00e8tres du compte. Cela permet aux utilisateurs de terminer rapidement la premi\u00e8re \u00e9tape de l&rsquo;inscription, puis de poursuivre la configuration de leur profil par la suite.<\/p>\n<p><img loading=\"lazy\" decoding=\"async\" class=\"alignnone size-full wp-image-1917\" src=\"https:\/\/spinstein.org\/wp-content\/uploads\/2026\/03\/Spinstein-Login.webp\" alt=\"Spinstein Login\" width=\"1248\" height=\"536\" srcset=\"https:\/\/spinstein.org\/wp-content\/uploads\/2026\/03\/Spinstein-Login.webp 1248w, https:\/\/spinstein.org\/wp-content\/uploads\/2026\/03\/Spinstein-Login-300x129.webp 300w, https:\/\/spinstein.org\/wp-content\/uploads\/2026\/03\/Spinstein-Login-1024x440.webp 1024w, https:\/\/spinstein.org\/wp-content\/uploads\/2026\/03\/Spinstein-Login-768x330.webp 768w\" sizes=\"auto, (max-width: 1248px) 100vw, 1248px\" \/><\/p>\n<h2>Se connecter \u00e0 Spinstein<\/h2>\n<p>Une fois l&rsquo;inscription termin\u00e9e, la connexion \u00e0 un compte Spinstein est tr\u00e8s simple. Dans la plupart des cas, les utilisateurs doivent suivre les \u00e9tapes suivantes :<\/p>\n<ol>\n<li>Cliquez sur le bouton \u00ab Se connecter \u00bb en haut de la page<\/li>\n<li>Saisissez l&rsquo;adresse e-mail enregistr\u00e9e et le mot de passe<\/li>\n<li>Effectuez la v\u00e9rification \u00e0 l&rsquo;aide d&rsquo;un code envoy\u00e9 sur votre t\u00e9l\u00e9phone portable ou via une application d&rsquo;authentification<\/li>\n<li>Acc\u00e9dez \u00e0 l&rsquo;espace client une fois connect\u00e9<\/li>\n<\/ol>\n<p>Une fois connect\u00e9s, les utilisateurs peuvent mettre \u00e0 jour les informations de leur profil, consulter leurs d\u00e9p\u00f4ts et retraits, v\u00e9rifier leurs gains et consulter l&rsquo;historique de leurs transactions. La section \u00ab Compte \u00bb est con\u00e7ue pour faciliter l&rsquo;acc\u00e8s \u00e0 ces fonctionnalit\u00e9s.<\/p>\n<h3>Vous avez oubli\u00e9 votre mot de passe ?<\/h3>\n<p>Si un utilisateur oublie son mot de passe, il peut utiliser l&rsquo;option de r\u00e9cup\u00e9ration accessible depuis la page de connexion en s\u00e9lectionnant \u00ab Mot de passe oubli\u00e9 ? \u00bb. Les instructions pour r\u00e9initialiser l&rsquo;acc\u00e8s sont alors g\u00e9n\u00e9ralement envoy\u00e9es par e-mail. Cela permet au titulaire du compte de r\u00e9cup\u00e9rer l&rsquo;acc\u00e8s en suivant les \u00e9tapes indiqu\u00e9es dans le message.<\/p>\n<h3>Spinstein Casino : s\u00e9curit\u00e9 et v\u00e9rification du compte<\/h3>\n<p>Spinstein met en \u0153uvre plusieurs mesures pour prot\u00e9ger les donn\u00e9es des comptes et l&rsquo;activit\u00e9 des utilisateurs. Parmi celles-ci figurent le chiffrement TLS lors de la transmission des donn\u00e9es et la possibilit\u00e9 d&rsquo;activer l&rsquo;authentification \u00e0 deux facteurs pour renforcer la s\u00e9curit\u00e9 des comptes. La v\u00e9rification d&rsquo;identit\u00e9 fait \u00e9galement partie du processus et peut n\u00e9cessiter que les utilisateurs fournissent des documents d&rsquo;identit\u00e9. Cette \u00e9tape sert \u00e0 confirmer l&rsquo;identit\u00e9, \u00e0 r\u00e9duire le risque de fraude et \u00e0 garantir la s\u00e9curit\u00e9 des retraits.<\/p>\n<table>\n<tbody>\n<tr>\n<td>Type de protection<\/td>\n<td>D\u00e9tails<\/td>\n<\/tr>\n<tr>\n<td>S\u00e9curit\u00e9 de la plateforme<\/td>\n<td>Chiffrement TLS, authentification \u00e0 deux facteurs (2FA), proc\u00e9dures de v\u00e9rification, conformit\u00e9 au RGPD, g\u00e9n\u00e9rateur de nombres al\u00e9atoires certifi\u00e9 et licence Tobique<\/td>\n<\/tr>\n<tr>\n<td>Service client<\/td>\n<td>Assistance multilingue, chat en direct et assistance par e-mail 24 h\/24, 7 j\/7<\/td>\n<\/tr>\n<tr>\n<td>Conditions d&rsquo;inscription<\/td>\n<td>Adresse e-mail valide, v\u00e9rification de l&rsquo;\u00e2ge et informations personnelles lors de l&rsquo;inscription<\/td>\n<\/tr>\n<tr>\n<td>Processus de v\u00e9rification<\/td>\n<td>T\u00e9l\u00e9chargement de documents pour examen<\/td>\n<\/tr>\n<\/tbody>\n<\/table>\n<h2>FAQ<\/h2>\n<h3>Comment puis-je finaliser la v\u00e9rification de mon compte ?<\/h3>\n<p>Pour finaliser la v\u00e9rification sur Spinstein Casino, les utilisateurs doivent g\u00e9n\u00e9ralement fournir des documents valides attestant de leur identit\u00e9 et, dans certains cas, de leur adresse. Il peut s&rsquo;agir d&rsquo;une pi\u00e8ce d&rsquo;identit\u00e9 officielle ou d&rsquo;un justificatif de domicile. Une fois les documents envoy\u00e9s, l&rsquo;\u00e9quipe d&rsquo;assistance proc\u00e8de \u00e0 leur examen. \u00c0 l&rsquo;issue de cette v\u00e9rification, l&rsquo;utilisateur est inform\u00e9 du r\u00e9sultat ou invit\u00e9 \u00e0 fournir des informations suppl\u00e9mentaires si n\u00e9cessaire.<\/p>\n<h3>Comment puis-je modifier mon mot de passe ou mon adresse e-mail ?<\/h3>\n<p>Les informations relatives au mot de passe ou \u00e0 l&rsquo;adresse e-mail peuvent g\u00e9n\u00e9ralement \u00eatre mises \u00e0 jour dans la section des param\u00e8tres du compte. Pour effectuer ces modifications, l&rsquo;utilisateur doit acc\u00e9der \u00e0 son profil, s\u00e9lectionner l&rsquo;option correspondante et confirmer la mise \u00e0 jour. Dans certains cas, une \u00e9tape de s\u00e9curit\u00e9 suppl\u00e9mentaire peut \u00eatre requise, comme une confirmation par e-mail ou une authentification \u00e0 deux facteurs.<\/p>\n<h3>Que dois-je faire si mon compte est bloqu\u00e9 ?<\/h3>\n<p>Si l&rsquo;acc\u00e8s \u00e0 votre compte est restreint, la meilleure solution consiste \u00e0 contacter l&rsquo;\u00e9quipe d&rsquo;assistance de Spinstein par chat en direct ou par e-mail. Les blocages de compte font g\u00e9n\u00e9ralement l&rsquo;objet d&rsquo;un examen manuel, et une v\u00e9rification d&rsquo;identit\u00e9 suppl\u00e9mentaire peut \u00eatre requise avant que l&rsquo;acc\u00e8s ne soit r\u00e9tabli.<\/p>\n<\/div><\/div><\/p>\n","protected":false},"excerpt":{"rendered":"<p>Login \u00e0 Spinstein : acc\u00e8s au compte et gestion du profil Login \u00e0 Spinstein est le principal moyen d&rsquo;acc\u00e9der \u00e0 votre compte de casino et de g\u00e9rer votre activit\u00e9 sur la plateforme. Le site web a \u00e9t\u00e9 con\u00e7u pour faciliter la connexion tout en mettant l&rsquo;accent sur la s\u00e9curit\u00e9 et la convivialit\u00e9. Les joueurs peuvent [&hellip;]<\/p>\n","protected":false},"author":1,"featured_media":0,"parent":0,"menu_order":0,"comment_status":"closed","ping_status":"closed","template":"template-builder.php","meta":{"_acf_changed":false,"inline_featured_image":false,"footnotes":""},"class_list":["post-1482","page","type-page","status-publish","hentry"],"acf":[],"yoast_head":"<!-- This site is optimized with the Yoast SEO plugin v27.3 - https:\/\/yoast.com\/product\/yoast-seo-wordpress\/ -->\n<title>Spinstein Login \u2013 \u0395\u03b3\u03b3\u03c1\u03b1\u03c6\u03ae \u03ba\u03b1\u03b9 \u03b4\u03b9\u03b1\u03c7\u03b5\u03af\u03c1\u03b9\u03c3\u03b7 \u03bb\u03bf\u03b3\u03b1\u03c1\u03b9\u03b1\u03c3\u03bc\u03bf\u03cd<\/title>\n<meta name=\"description\" content=\"\u0394\u03b7\u03bc\u03b9\u03bf\u03c5\u03c1\u03b3\u03ae\u03c3\u03c4\u03b5, \u03b4\u03b9\u03b1\u03c7\u03b5\u03b9\u03c1\u03b9\u03c3\u03c4\u03b5\u03af\u03c4\u03b5 \u03ba\u03b1\u03b9 \u03b5\u03c0\u03b1\u03bb\u03b7\u03b8\u03b5\u03cd\u03c3\u03c4\u03b5 \u03b5\u03cd\u03ba\u03bf\u03bb\u03b1 \u03c4\u03bf\u03bd \u03bb\u03bf\u03b3\u03b1\u03c1\u03b9\u03b1\u03c3\u03bc\u03cc \u03c3\u03b1\u03c2 \u03c3\u03c4\u03bf Spinstein Casino \u03c7\u03ac\u03c1\u03b7 \u03c3\u03c4\u03b7 \u03b3\u03c1\u03ae\u03b3\u03bf\u03c1\u03b7 \u03b5\u03b3\u03b3\u03c1\u03b1\u03c6\u03ae, \u03c4\u03b7\u03bd \u03b1\u03c0\u03c1\u03cc\u03c3\u03ba\u03bf\u03c0\u03c4\u03b7 \u03b1\u03bd\u03ac\u03ba\u03c4\u03b7\u03c3\u03b7 \u03bb\u03bf\u03b3\u03b1\u03c1\u03b9\u03b1\u03c3\u03bc\u03bf\u03cd \u03ba\u03b1\u03b9 \u03c4\u03bf \u03b1\u03c3\u03c6\u03b1\u03bb\u03ad\u03c2 \u03ba\u03bb\u03b5\u03af\u03c3\u03b9\u03bc\u03bf \u03bb\u03bf\u03b3\u03b1\u03c1\u03b9\u03b1\u03c3\u03bc\u03bf\u03cd, \u03b5\u03be\u03b1\u03c3\u03c6\u03b1\u03bb\u03af\u03b6\u03bf\u03bd\u03c4\u03b1\u03c2 \u03c0\u03c1\u03bf\u03c3\u03c4\u03b1\u03c3\u03af\u03b1 24 \u03ce\u03c1\u03b5\u03c2 \u03c4\u03bf 24\u03c9\u03c1\u03bf, 7 \u03b7\u03bc\u03ad\u03c1\u03b5\u03c2 \u03c4\u03b7\u03bd \u03b5\u03b2\u03b4\u03bf\u03bc\u03ac\u03b4\u03b1, \u03bc\u03ad\u03c3\u03c9 \u03c4\u03b7\u03c2 \u03c3\u03cd\u03bd\u03b4\u03b5\u03c3\u03b7\u03c2 \u03c3\u03c4\u03bf Spinstein.\" \/>\n<meta name=\"robots\" content=\"index, follow, max-snippet:-1, max-image-preview:large, max-video-preview:-1\" \/>\n<link rel=\"canonical\" href=\"https:\/\/spinstein.org\/fr\/connexion-et-inscription\/\" \/>\n<meta property=\"og:locale\" content=\"fr_FR\" \/>\n<meta property=\"og:type\" content=\"article\" \/>\n<meta property=\"og:title\" content=\"Spinstein Login \u2013 \u0395\u03b3\u03b3\u03c1\u03b1\u03c6\u03ae \u03ba\u03b1\u03b9 \u03b4\u03b9\u03b1\u03c7\u03b5\u03af\u03c1\u03b9\u03c3\u03b7 \u03bb\u03bf\u03b3\u03b1\u03c1\u03b9\u03b1\u03c3\u03bc\u03bf\u03cd\" \/>\n<meta property=\"og:description\" content=\"\u0394\u03b7\u03bc\u03b9\u03bf\u03c5\u03c1\u03b3\u03ae\u03c3\u03c4\u03b5, \u03b4\u03b9\u03b1\u03c7\u03b5\u03b9\u03c1\u03b9\u03c3\u03c4\u03b5\u03af\u03c4\u03b5 \u03ba\u03b1\u03b9 \u03b5\u03c0\u03b1\u03bb\u03b7\u03b8\u03b5\u03cd\u03c3\u03c4\u03b5 \u03b5\u03cd\u03ba\u03bf\u03bb\u03b1 \u03c4\u03bf\u03bd \u03bb\u03bf\u03b3\u03b1\u03c1\u03b9\u03b1\u03c3\u03bc\u03cc \u03c3\u03b1\u03c2 \u03c3\u03c4\u03bf Spinstein Casino \u03c7\u03ac\u03c1\u03b7 \u03c3\u03c4\u03b7 \u03b3\u03c1\u03ae\u03b3\u03bf\u03c1\u03b7 \u03b5\u03b3\u03b3\u03c1\u03b1\u03c6\u03ae, \u03c4\u03b7\u03bd \u03b1\u03c0\u03c1\u03cc\u03c3\u03ba\u03bf\u03c0\u03c4\u03b7 \u03b1\u03bd\u03ac\u03ba\u03c4\u03b7\u03c3\u03b7 \u03bb\u03bf\u03b3\u03b1\u03c1\u03b9\u03b1\u03c3\u03bc\u03bf\u03cd \u03ba\u03b1\u03b9 \u03c4\u03bf \u03b1\u03c3\u03c6\u03b1\u03bb\u03ad\u03c2 \u03ba\u03bb\u03b5\u03af\u03c3\u03b9\u03bc\u03bf \u03bb\u03bf\u03b3\u03b1\u03c1\u03b9\u03b1\u03c3\u03bc\u03bf\u03cd, \u03b5\u03be\u03b1\u03c3\u03c6\u03b1\u03bb\u03af\u03b6\u03bf\u03bd\u03c4\u03b1\u03c2 \u03c0\u03c1\u03bf\u03c3\u03c4\u03b1\u03c3\u03af\u03b1 24 \u03ce\u03c1\u03b5\u03c2 \u03c4\u03bf 24\u03c9\u03c1\u03bf, 7 \u03b7\u03bc\u03ad\u03c1\u03b5\u03c2 \u03c4\u03b7\u03bd \u03b5\u03b2\u03b4\u03bf\u03bc\u03ac\u03b4\u03b1, \u03bc\u03ad\u03c3\u03c9 \u03c4\u03b7\u03c2 \u03c3\u03cd\u03bd\u03b4\u03b5\u03c3\u03b7\u03c2 \u03c3\u03c4\u03bf Spinstein.\" \/>\n<meta property=\"og:url\" content=\"https:\/\/spinstein.org\/fr\/connexion-et-inscription\/\" \/>\n<meta property=\"og:site_name\" content=\"spinstein\" \/>\n<meta property=\"article:modified_time\" content=\"2026-03-23T10:17:27+00:00\" \/>\n<meta name=\"twitter:card\" content=\"summary_large_image\" \/>\n<meta name=\"twitter:label1\" content=\"Dur\u00e9e de lecture estim\u00e9e\" \/>\n\t<meta name=\"twitter:data1\" content=\"1 minute\" \/>\n<script type=\"application\/ld+json\" class=\"yoast-schema-graph\">{\"@context\":\"https:\\\/\\\/schema.org\",\"@graph\":[{\"@type\":\"WebPage\",\"@id\":\"https:\\\/\\\/spinstein.org\\\/fr\\\/connexion-et-inscription\\\/\",\"url\":\"https:\\\/\\\/spinstein.org\\\/fr\\\/connexion-et-inscription\\\/\",\"name\":\"Spinstein Login \u2013 \u0395\u03b3\u03b3\u03c1\u03b1\u03c6\u03ae \u03ba\u03b1\u03b9 \u03b4\u03b9\u03b1\u03c7\u03b5\u03af\u03c1\u03b9\u03c3\u03b7 \u03bb\u03bf\u03b3\u03b1\u03c1\u03b9\u03b1\u03c3\u03bc\u03bf\u03cd\",\"isPartOf\":{\"@id\":\"https:\\\/\\\/spinstein.org\\\/fr\\\/#website\"},\"datePublished\":\"2026-01-20T12:11:11+00:00\",\"dateModified\":\"2026-03-23T10:17:27+00:00\",\"description\":\"\u0394\u03b7\u03bc\u03b9\u03bf\u03c5\u03c1\u03b3\u03ae\u03c3\u03c4\u03b5, \u03b4\u03b9\u03b1\u03c7\u03b5\u03b9\u03c1\u03b9\u03c3\u03c4\u03b5\u03af\u03c4\u03b5 \u03ba\u03b1\u03b9 \u03b5\u03c0\u03b1\u03bb\u03b7\u03b8\u03b5\u03cd\u03c3\u03c4\u03b5 \u03b5\u03cd\u03ba\u03bf\u03bb\u03b1 \u03c4\u03bf\u03bd \u03bb\u03bf\u03b3\u03b1\u03c1\u03b9\u03b1\u03c3\u03bc\u03cc \u03c3\u03b1\u03c2 \u03c3\u03c4\u03bf Spinstein Casino \u03c7\u03ac\u03c1\u03b7 \u03c3\u03c4\u03b7 \u03b3\u03c1\u03ae\u03b3\u03bf\u03c1\u03b7 \u03b5\u03b3\u03b3\u03c1\u03b1\u03c6\u03ae, \u03c4\u03b7\u03bd \u03b1\u03c0\u03c1\u03cc\u03c3\u03ba\u03bf\u03c0\u03c4\u03b7 \u03b1\u03bd\u03ac\u03ba\u03c4\u03b7\u03c3\u03b7 \u03bb\u03bf\u03b3\u03b1\u03c1\u03b9\u03b1\u03c3\u03bc\u03bf\u03cd \u03ba\u03b1\u03b9 \u03c4\u03bf \u03b1\u03c3\u03c6\u03b1\u03bb\u03ad\u03c2 \u03ba\u03bb\u03b5\u03af\u03c3\u03b9\u03bc\u03bf \u03bb\u03bf\u03b3\u03b1\u03c1\u03b9\u03b1\u03c3\u03bc\u03bf\u03cd, \u03b5\u03be\u03b1\u03c3\u03c6\u03b1\u03bb\u03af\u03b6\u03bf\u03bd\u03c4\u03b1\u03c2 \u03c0\u03c1\u03bf\u03c3\u03c4\u03b1\u03c3\u03af\u03b1 24 \u03ce\u03c1\u03b5\u03c2 \u03c4\u03bf 24\u03c9\u03c1\u03bf, 7 \u03b7\u03bc\u03ad\u03c1\u03b5\u03c2 \u03c4\u03b7\u03bd \u03b5\u03b2\u03b4\u03bf\u03bc\u03ac\u03b4\u03b1, \u03bc\u03ad\u03c3\u03c9 \u03c4\u03b7\u03c2 \u03c3\u03cd\u03bd\u03b4\u03b5\u03c3\u03b7\u03c2 \u03c3\u03c4\u03bf Spinstein.\",\"breadcrumb\":{\"@id\":\"https:\\\/\\\/spinstein.org\\\/fr\\\/connexion-et-inscription\\\/#breadcrumb\"},\"inLanguage\":\"fr-FR\",\"potentialAction\":[{\"@type\":\"ReadAction\",\"target\":[\"https:\\\/\\\/spinstein.org\\\/fr\\\/connexion-et-inscription\\\/\"]}]},{\"@type\":\"BreadcrumbList\",\"@id\":\"https:\\\/\\\/spinstein.org\\\/fr\\\/connexion-et-inscription\\\/#breadcrumb\",\"itemListElement\":[{\"@type\":\"ListItem\",\"position\":1,\"name\":\"Spinstein\",\"item\":\"https:\\\/\\\/spinstein.org\\\/fr\\\/\"},{\"@type\":\"ListItem\",\"position\":2,\"name\":\"Connexion et inscription\"}]},{\"@type\":\"WebSite\",\"@id\":\"https:\\\/\\\/spinstein.org\\\/fr\\\/#website\",\"url\":\"https:\\\/\\\/spinstein.org\\\/fr\\\/\",\"name\":\"Spinstein\",\"description\":\"\",\"publisher\":{\"@id\":\"https:\\\/\\\/spinstein.org\\\/fr\\\/#organization\"},\"potentialAction\":[{\"@type\":\"SearchAction\",\"target\":{\"@type\":\"EntryPoint\",\"urlTemplate\":\"https:\\\/\\\/spinstein.org\\\/fr\\\/?s={search_term_string}\"},\"query-input\":{\"@type\":\"PropertyValueSpecification\",\"valueRequired\":true,\"valueName\":\"search_term_string\"}}],\"inLanguage\":\"fr-FR\"},{\"@type\":\"Organization\",\"@id\":\"https:\\\/\\\/spinstein.org\\\/fr\\\/#organization\",\"name\":\"Spinstein\",\"url\":\"https:\\\/\\\/spinstein.org\\\/fr\\\/\",\"logo\":{\"@type\":\"ImageObject\",\"inLanguage\":\"fr-FR\",\"@id\":\"https:\\\/\\\/spinstein.org\\\/fr\\\/#\\\/schema\\\/logo\\\/image\\\/\",\"url\":\"https:\\\/\\\/spinstein.org\\\/wp-content\\\/uploads\\\/2026\\\/03\\\/spinstein-logo.svg\",\"contentUrl\":\"https:\\\/\\\/spinstein.org\\\/wp-content\\\/uploads\\\/2026\\\/03\\\/spinstein-logo.svg\",\"width\":83,\"height\":20,\"caption\":\"Spinstein\"},\"image\":{\"@id\":\"https:\\\/\\\/spinstein.org\\\/fr\\\/#\\\/schema\\\/logo\\\/image\\\/\"}}]}<\/script>\n<!-- \/ Yoast SEO plugin. -->","yoast_head_json":{"title":"Spinstein Login \u2013 \u0395\u03b3\u03b3\u03c1\u03b1\u03c6\u03ae \u03ba\u03b1\u03b9 \u03b4\u03b9\u03b1\u03c7\u03b5\u03af\u03c1\u03b9\u03c3\u03b7 \u03bb\u03bf\u03b3\u03b1\u03c1\u03b9\u03b1\u03c3\u03bc\u03bf\u03cd","description":"\u0394\u03b7\u03bc\u03b9\u03bf\u03c5\u03c1\u03b3\u03ae\u03c3\u03c4\u03b5, \u03b4\u03b9\u03b1\u03c7\u03b5\u03b9\u03c1\u03b9\u03c3\u03c4\u03b5\u03af\u03c4\u03b5 \u03ba\u03b1\u03b9 \u03b5\u03c0\u03b1\u03bb\u03b7\u03b8\u03b5\u03cd\u03c3\u03c4\u03b5 \u03b5\u03cd\u03ba\u03bf\u03bb\u03b1 \u03c4\u03bf\u03bd \u03bb\u03bf\u03b3\u03b1\u03c1\u03b9\u03b1\u03c3\u03bc\u03cc \u03c3\u03b1\u03c2 \u03c3\u03c4\u03bf Spinstein Casino \u03c7\u03ac\u03c1\u03b7 \u03c3\u03c4\u03b7 \u03b3\u03c1\u03ae\u03b3\u03bf\u03c1\u03b7 \u03b5\u03b3\u03b3\u03c1\u03b1\u03c6\u03ae, \u03c4\u03b7\u03bd \u03b1\u03c0\u03c1\u03cc\u03c3\u03ba\u03bf\u03c0\u03c4\u03b7 \u03b1\u03bd\u03ac\u03ba\u03c4\u03b7\u03c3\u03b7 \u03bb\u03bf\u03b3\u03b1\u03c1\u03b9\u03b1\u03c3\u03bc\u03bf\u03cd \u03ba\u03b1\u03b9 \u03c4\u03bf \u03b1\u03c3\u03c6\u03b1\u03bb\u03ad\u03c2 \u03ba\u03bb\u03b5\u03af\u03c3\u03b9\u03bc\u03bf \u03bb\u03bf\u03b3\u03b1\u03c1\u03b9\u03b1\u03c3\u03bc\u03bf\u03cd, \u03b5\u03be\u03b1\u03c3\u03c6\u03b1\u03bb\u03af\u03b6\u03bf\u03bd\u03c4\u03b1\u03c2 \u03c0\u03c1\u03bf\u03c3\u03c4\u03b1\u03c3\u03af\u03b1 24 \u03ce\u03c1\u03b5\u03c2 \u03c4\u03bf 24\u03c9\u03c1\u03bf, 7 \u03b7\u03bc\u03ad\u03c1\u03b5\u03c2 \u03c4\u03b7\u03bd \u03b5\u03b2\u03b4\u03bf\u03bc\u03ac\u03b4\u03b1, \u03bc\u03ad\u03c3\u03c9 \u03c4\u03b7\u03c2 \u03c3\u03cd\u03bd\u03b4\u03b5\u03c3\u03b7\u03c2 \u03c3\u03c4\u03bf Spinstein.","robots":{"index":"index","follow":"follow","max-snippet":"max-snippet:-1","max-image-preview":"max-image-preview:large","max-video-preview":"max-video-preview:-1"},"canonical":"https:\/\/spinstein.org\/fr\/connexion-et-inscription\/","og_locale":"fr_FR","og_type":"article","og_title":"Spinstein Login \u2013 \u0395\u03b3\u03b3\u03c1\u03b1\u03c6\u03ae \u03ba\u03b1\u03b9 \u03b4\u03b9\u03b1\u03c7\u03b5\u03af\u03c1\u03b9\u03c3\u03b7 \u03bb\u03bf\u03b3\u03b1\u03c1\u03b9\u03b1\u03c3\u03bc\u03bf\u03cd","og_description":"\u0394\u03b7\u03bc\u03b9\u03bf\u03c5\u03c1\u03b3\u03ae\u03c3\u03c4\u03b5, \u03b4\u03b9\u03b1\u03c7\u03b5\u03b9\u03c1\u03b9\u03c3\u03c4\u03b5\u03af\u03c4\u03b5 \u03ba\u03b1\u03b9 \u03b5\u03c0\u03b1\u03bb\u03b7\u03b8\u03b5\u03cd\u03c3\u03c4\u03b5 \u03b5\u03cd\u03ba\u03bf\u03bb\u03b1 \u03c4\u03bf\u03bd \u03bb\u03bf\u03b3\u03b1\u03c1\u03b9\u03b1\u03c3\u03bc\u03cc \u03c3\u03b1\u03c2 \u03c3\u03c4\u03bf Spinstein Casino \u03c7\u03ac\u03c1\u03b7 \u03c3\u03c4\u03b7 \u03b3\u03c1\u03ae\u03b3\u03bf\u03c1\u03b7 \u03b5\u03b3\u03b3\u03c1\u03b1\u03c6\u03ae, \u03c4\u03b7\u03bd \u03b1\u03c0\u03c1\u03cc\u03c3\u03ba\u03bf\u03c0\u03c4\u03b7 \u03b1\u03bd\u03ac\u03ba\u03c4\u03b7\u03c3\u03b7 \u03bb\u03bf\u03b3\u03b1\u03c1\u03b9\u03b1\u03c3\u03bc\u03bf\u03cd \u03ba\u03b1\u03b9 \u03c4\u03bf \u03b1\u03c3\u03c6\u03b1\u03bb\u03ad\u03c2 \u03ba\u03bb\u03b5\u03af\u03c3\u03b9\u03bc\u03bf \u03bb\u03bf\u03b3\u03b1\u03c1\u03b9\u03b1\u03c3\u03bc\u03bf\u03cd, \u03b5\u03be\u03b1\u03c3\u03c6\u03b1\u03bb\u03af\u03b6\u03bf\u03bd\u03c4\u03b1\u03c2 \u03c0\u03c1\u03bf\u03c3\u03c4\u03b1\u03c3\u03af\u03b1 24 \u03ce\u03c1\u03b5\u03c2 \u03c4\u03bf 24\u03c9\u03c1\u03bf, 7 \u03b7\u03bc\u03ad\u03c1\u03b5\u03c2 \u03c4\u03b7\u03bd \u03b5\u03b2\u03b4\u03bf\u03bc\u03ac\u03b4\u03b1, \u03bc\u03ad\u03c3\u03c9 \u03c4\u03b7\u03c2 \u03c3\u03cd\u03bd\u03b4\u03b5\u03c3\u03b7\u03c2 \u03c3\u03c4\u03bf Spinstein.","og_url":"https:\/\/spinstein.org\/fr\/connexion-et-inscription\/","og_site_name":"spinstein","article_modified_time":"2026-03-23T10:17:27+00:00","twitter_card":"summary_large_image","twitter_misc":{"Dur\u00e9e de lecture estim\u00e9e":"1 minute"},"schema":{"@context":"https:\/\/schema.org","@graph":[{"@type":"WebPage","@id":"https:\/\/spinstein.org\/fr\/connexion-et-inscription\/","url":"https:\/\/spinstein.org\/fr\/connexion-et-inscription\/","name":"Spinstein Login \u2013 \u0395\u03b3\u03b3\u03c1\u03b1\u03c6\u03ae \u03ba\u03b1\u03b9 \u03b4\u03b9\u03b1\u03c7\u03b5\u03af\u03c1\u03b9\u03c3\u03b7 \u03bb\u03bf\u03b3\u03b1\u03c1\u03b9\u03b1\u03c3\u03bc\u03bf\u03cd","isPartOf":{"@id":"https:\/\/spinstein.org\/fr\/#website"},"datePublished":"2026-01-20T12:11:11+00:00","dateModified":"2026-03-23T10:17:27+00:00","description":"\u0394\u03b7\u03bc\u03b9\u03bf\u03c5\u03c1\u03b3\u03ae\u03c3\u03c4\u03b5, \u03b4\u03b9\u03b1\u03c7\u03b5\u03b9\u03c1\u03b9\u03c3\u03c4\u03b5\u03af\u03c4\u03b5 \u03ba\u03b1\u03b9 \u03b5\u03c0\u03b1\u03bb\u03b7\u03b8\u03b5\u03cd\u03c3\u03c4\u03b5 \u03b5\u03cd\u03ba\u03bf\u03bb\u03b1 \u03c4\u03bf\u03bd \u03bb\u03bf\u03b3\u03b1\u03c1\u03b9\u03b1\u03c3\u03bc\u03cc \u03c3\u03b1\u03c2 \u03c3\u03c4\u03bf Spinstein Casino \u03c7\u03ac\u03c1\u03b7 \u03c3\u03c4\u03b7 \u03b3\u03c1\u03ae\u03b3\u03bf\u03c1\u03b7 \u03b5\u03b3\u03b3\u03c1\u03b1\u03c6\u03ae, \u03c4\u03b7\u03bd \u03b1\u03c0\u03c1\u03cc\u03c3\u03ba\u03bf\u03c0\u03c4\u03b7 \u03b1\u03bd\u03ac\u03ba\u03c4\u03b7\u03c3\u03b7 \u03bb\u03bf\u03b3\u03b1\u03c1\u03b9\u03b1\u03c3\u03bc\u03bf\u03cd \u03ba\u03b1\u03b9 \u03c4\u03bf \u03b1\u03c3\u03c6\u03b1\u03bb\u03ad\u03c2 \u03ba\u03bb\u03b5\u03af\u03c3\u03b9\u03bc\u03bf \u03bb\u03bf\u03b3\u03b1\u03c1\u03b9\u03b1\u03c3\u03bc\u03bf\u03cd, \u03b5\u03be\u03b1\u03c3\u03c6\u03b1\u03bb\u03af\u03b6\u03bf\u03bd\u03c4\u03b1\u03c2 \u03c0\u03c1\u03bf\u03c3\u03c4\u03b1\u03c3\u03af\u03b1 24 \u03ce\u03c1\u03b5\u03c2 \u03c4\u03bf 24\u03c9\u03c1\u03bf, 7 \u03b7\u03bc\u03ad\u03c1\u03b5\u03c2 \u03c4\u03b7\u03bd \u03b5\u03b2\u03b4\u03bf\u03bc\u03ac\u03b4\u03b1, \u03bc\u03ad\u03c3\u03c9 \u03c4\u03b7\u03c2 \u03c3\u03cd\u03bd\u03b4\u03b5\u03c3\u03b7\u03c2 \u03c3\u03c4\u03bf Spinstein.","breadcrumb":{"@id":"https:\/\/spinstein.org\/fr\/connexion-et-inscription\/#breadcrumb"},"inLanguage":"fr-FR","potentialAction":[{"@type":"ReadAction","target":["https:\/\/spinstein.org\/fr\/connexion-et-inscription\/"]}]},{"@type":"BreadcrumbList","@id":"https:\/\/spinstein.org\/fr\/connexion-et-inscription\/#breadcrumb","itemListElement":[{"@type":"ListItem","position":1,"name":"Spinstein","item":"https:\/\/spinstein.org\/fr\/"},{"@type":"ListItem","position":2,"name":"Connexion et inscription"}]},{"@type":"WebSite","@id":"https:\/\/spinstein.org\/fr\/#website","url":"https:\/\/spinstein.org\/fr\/","name":"Spinstein","description":"","publisher":{"@id":"https:\/\/spinstein.org\/fr\/#organization"},"potentialAction":[{"@type":"SearchAction","target":{"@type":"EntryPoint","urlTemplate":"https:\/\/spinstein.org\/fr\/?s={search_term_string}"},"query-input":{"@type":"PropertyValueSpecification","valueRequired":true,"valueName":"search_term_string"}}],"inLanguage":"fr-FR"},{"@type":"Organization","@id":"https:\/\/spinstein.org\/fr\/#organization","name":"Spinstein","url":"https:\/\/spinstein.org\/fr\/","logo":{"@type":"ImageObject","inLanguage":"fr-FR","@id":"https:\/\/spinstein.org\/fr\/#\/schema\/logo\/image\/","url":"https:\/\/spinstein.org\/wp-content\/uploads\/2026\/03\/spinstein-logo.svg","contentUrl":"https:\/\/spinstein.org\/wp-content\/uploads\/2026\/03\/spinstein-logo.svg","width":83,"height":20,"caption":"Spinstein"},"image":{"@id":"https:\/\/spinstein.org\/fr\/#\/schema\/logo\/image\/"}}]}},"_links":{"self":[{"href":"https:\/\/spinstein.org\/fr\/wp-json\/wp\/v2\/pages\/1482","targetHints":{"allow":["GET"]}}],"collection":[{"href":"https:\/\/spinstein.org\/fr\/wp-json\/wp\/v2\/pages"}],"about":[{"href":"https:\/\/spinstein.org\/fr\/wp-json\/wp\/v2\/types\/page"}],"author":[{"embeddable":true,"href":"https:\/\/spinstein.org\/fr\/wp-json\/wp\/v2\/users\/1"}],"replies":[{"embeddable":true,"href":"https:\/\/spinstein.org\/fr\/wp-json\/wp\/v2\/comments?post=1482"}],"version-history":[{"count":3,"href":"https:\/\/spinstein.org\/fr\/wp-json\/wp\/v2\/pages\/1482\/revisions"}],"predecessor-version":[{"id":1990,"href":"https:\/\/spinstein.org\/fr\/wp-json\/wp\/v2\/pages\/1482\/revisions\/1990"}],"wp:attachment":[{"href":"https:\/\/spinstein.org\/fr\/wp-json\/wp\/v2\/media?parent=1482"}],"curies":[{"name":"wp","href":"https:\/\/api.w.org\/{rel}","templated":true}]}}