{"id":1440,"date":"2026-01-20T12:08:23","date_gmt":"2026-01-20T12:08:23","guid":{"rendered":"https:\/\/bonuskongcasino.com\/app\/"},"modified":"2026-03-23T10:15:31","modified_gmt":"2026-03-23T10:15:31","slug":"app","status":"publish","type":"page","link":"https:\/\/spinstein.org\/fr\/app\/","title":{"rendered":"App"},"content":{"rendered":"<h1>Application Spinstein : Casino mobile<\/h1>\n<p>L&rsquo;application Spinstein est id\u00e9ale pour les utilisateurs qui pr\u00e9f\u00e8rent jouer sur des appareils mobiles. Elle donne acc\u00e8s \u00e0 des machines \u00e0 sous en ligne, \u00e0 des jeux de table et \u00e0 d&rsquo;autres contenus de casino via une interface adapt\u00e9e aux mobiles. La plateforme est con\u00e7ue pour fonctionner sur diff\u00e9rents appareils, ce qui permet aux joueurs d&rsquo;utiliser leurs comptes et de jouer de mani\u00e8re plus flexible.<\/p>\n<div class=\"banner-wrap\" aria-label=\"Banner\"><img src=\"https:\/\/spinstein.org\/wp-content\/uploads\/2026\/03\/Spinstein-banner-carousel-800\u0445400.webp\" class=\"w-100 d-none d-lg-block img-pc main-banner-img\" alt=\"promo desktop\" fetchpriority=\"high\" decoding=\"async\"><img src=\"https:\/\/spinstein.org\/wp-content\/uploads\/2026\/03\/spinstein-banner-mobile.webp\" class=\"w-100 d-none d-md-block d-lg-none main-banner-img\" alt=\"promo mobile\" fetchpriority=\"high\" decoding=\"async\"><img src=\"https:\/\/spinstein.org\/wp-content\/uploads\/2026\/03\/spinstein-banner-mobile.webp\" class=\"w-100 d-md-none\" alt=\"promo mobile\" fetchpriority=\"high\" decoding=\"async\"><div class=\"banner-description\">\n<div class=\"banner-title\">Bonus de bienvenue<\/div>\n<p class=\"banner-header-title\">1500 \u20ac<\/p>\n<div class=\"banner-header-AdditionalText\">+ 250 Tours gratuits<\/div>\n<button data-item=\"homepage_banner_link\" class=\"goto m-button m-gradient-border m-button--primary m-button--large banner-button btn-orange\">\n            <div class=\"m-button-content\">\n                <span>Inscrivez-vous d\u00e8s maintenant<\/span>\n                <span><\/span>\n            <\/div>\n        <\/button>\n<\/div>\n<div class=\"WelcomePack\">\n<p><img loading=\"lazy\" decoding=\"async\" class=\"alignnone size-full wp-image-1853\" src=\"https:\/\/spinstein.org\/wp-content\/uploads\/2026\/03\/welcome-crown-1.png\" alt=\"welcome crown\" width=\"25\" height=\"26\" \/><\/p>\n<div class=\"WelcomePack-Info\">Cashback hebdomadaire jusqu&rsquo;\u00e0 25 %<\/div>\n<p><img loading=\"lazy\" decoding=\"async\" class=\"alignnone size-full wp-image-1853\" src=\"https:\/\/spinstein.org\/wp-content\/uploads\/2026\/03\/welcome-crown-1.png\" alt=\"welcome crown\" width=\"25\" height=\"26\" \/><\/p>\n<\/div>\n<\/div>\n<h2>Plateforme mobile Spinstein<\/h2>\n<p>La plateforme mobile Spinstein met l&rsquo;accent sur la rapidit\u00e9, la s\u00e9curit\u00e9 et la simplicit\u00e9 de navigation. Par rapport \u00e0 l&rsquo;utilisation d&rsquo;un navigateur classique, l&rsquo;application est con\u00e7ue pour offrir un chargement plus rapide, un fonctionnement plus fluide et un acc\u00e8s plus facile aux principales fonctionnalit\u00e9s du compte. Les utilisateurs peuvent acc\u00e9der rapidement aux options de d\u00e9p\u00f4t, de retrait, aux bonus et aux outils d&rsquo;assistance sans avoir \u00e0 passer d&rsquo;une page \u00e0 l&rsquo;autre.<\/p>\n<p>La plateforme a \u00e9galement \u00e9t\u00e9 con\u00e7ue dans un souci de performance et de s\u00e9curit\u00e9 des comptes. Sa structure technique r\u00e9duit les temps de latence pendant le jeu et garantit la s\u00e9curit\u00e9 des transactions. Spinstein met \u00e9galement \u00e0 jour sa plateforme mobile au fil du temps en y ajoutant de nouvelles fonctionnalit\u00e9s et des am\u00e9liorations en mati\u00e8re de s\u00e9curit\u00e9.<\/p>\n<p><div class=\"scrollable-content-wrap my-5\"><div class=\"scrollable-content-inner\"><h2>Application mobile Spinstein pour Android<\/h2>\n<p>La version Android de l&rsquo;application Spinstein est disponible sous un format qui ne n\u00e9cessite pas de fichier d&rsquo;installation volumineux. Elle fonctionne comme une application web progressive, ce qui signifie que les utilisateurs peuvent l&rsquo;ajouter directement depuis le site officiel en quelques \u00e9tapes seulement.<\/p>\n<h3>Spinstein APK<\/h3>\n<p>La plateforme s&rsquo;appuie d\u00e9sormais principalement sur la version PWA. Les fichiers APK traditionnels n\u00e9cessitent souvent des t\u00e9l\u00e9chargements manuels et des mises \u00e0 jour distinctes, ce qui peut s&rsquo;av\u00e9rer moins pratique et comporter des risques suppl\u00e9mentaires en mati\u00e8re de s\u00e9curit\u00e9. Gr\u00e2ce au format PWA, les utilisateurs d&rsquo;Android peuvent acc\u00e9der \u00e0 la derni\u00e8re version de la plateforme mobile Spinstein sans avoir \u00e0 installer manuellement les mises \u00e0 jour.<\/p>\n<h3>PWA<\/h3>\n<p>Sur les appareils Android, l&rsquo;application web progressive (PWA) Spinstein peut \u00eatre install\u00e9e directement depuis le site web principal. Il suffit aux utilisateurs d&rsquo;ouvrir la page d&rsquo;accueil, d&rsquo;appuyer sur le bouton \u00ab Application Casino \u00bb et de suivre les instructions \u00e0 l&rsquo;\u00e9cran. Une fois l&rsquo;installation termin\u00e9e, l&rsquo;ic\u00f4ne de l&rsquo;application appara\u00eet sur l&rsquo;\u00e9cran d&rsquo;accueil ou dans le menu de l&rsquo;appareil, ce qui facilite l&rsquo;acc\u00e8s \u00e0 la plateforme.<\/p>\n<p>L&rsquo;interface est optimis\u00e9e pour les smartphones et les tablettes et s&rsquo;adapte \u00e0 diff\u00e9rentes tailles d&rsquo;\u00e9cran. Les utilisateurs peuvent ainsi acc\u00e9der \u00e0 l&rsquo;int\u00e9gralit\u00e9 de la biblioth\u00e8que de jeux et aux outils de gestion de compte dans un format qui s&rsquo;apparente \u00e0 celui d&rsquo;une application mobile classique.<\/p>\n<p><img loading=\"lazy\" decoding=\"async\" class=\"alignnone size-full wp-image-1885\" src=\"https:\/\/spinstein.org\/wp-content\/uploads\/2026\/03\/Spinstein-Android-App.webp\" alt=\"Spinstein Android App\" width=\"1248\" height=\"536\" srcset=\"https:\/\/spinstein.org\/wp-content\/uploads\/2026\/03\/Spinstein-Android-App.webp 1248w, https:\/\/spinstein.org\/wp-content\/uploads\/2026\/03\/Spinstein-Android-App-300x129.webp 300w, https:\/\/spinstein.org\/wp-content\/uploads\/2026\/03\/Spinstein-Android-App-1024x440.webp 1024w, https:\/\/spinstein.org\/wp-content\/uploads\/2026\/03\/Spinstein-Android-App-768x330.webp 768w\" sizes=\"auto, (max-width: 1248px) 100vw, 1248px\" \/><\/p>\n<\/div><\/div><div style=\"clear: both\"><\/div><div class=\"d-flex justify-content-center\"><button data-item=\"decouvrez_link\" data-group=\"website_links\" class=\"goto fw-bold rounded-pill btn btn-orange\" aria-label=\"T\u00e9l\u00e9chargez l&#039;application Spinstein\" >T\u00e9l\u00e9chargez l&#039;application Spinstein<\/button><\/div><div class=\"scrollable-content-wrap my-5\"><div class=\"scrollable-content-inner\"><h2>Application mobile Spinstein pour iOS<\/h2>\n<p>Les utilisateurs d&rsquo;iPhone et d&rsquo;iPad peuvent \u00e9galement acc\u00e9der \u00e0 la plateforme via une version PWA (application web progressive) optimis\u00e9e pour Safari. Pour l&rsquo;installer, il suffit de se rendre sur la page d&rsquo;accueil du casino, de s\u00e9lectionner l&rsquo;option d&rsquo;installation, puis d&rsquo;ajouter l&rsquo;application \u00e0 l&rsquo;\u00e9cran d&rsquo;accueil. Cette m\u00e9thode s&rsquo;inscrit dans le mod\u00e8le d&rsquo;utilisation g\u00e9n\u00e9ral d&rsquo;Apple bas\u00e9 sur le navigateur et \u00e9vite d&rsquo;avoir \u00e0 t\u00e9l\u00e9charger l&rsquo;application depuis une boutique d&rsquo;applications distincte.<\/p>\n<p>La version iOS est con\u00e7ue pour une utilisation tactile, avec des \u00e9l\u00e9ments de navigation plus faciles \u00e0 utiliser sur les petits \u00e9crans. Elle prend \u00e9galement en charge les notifications push, qui peuvent inclure des informations sur les bonus, les nouvelles sorties de jeux et d&rsquo;autres actualit\u00e9s de la plateforme.<\/p>\n<p>Les avantages de l&rsquo;application web progressive (PWA) Spinstein sont les suivants :<\/p>\n<ul>\n<li>une s\u00e9curit\u00e9 renforc\u00e9e, puisqu&rsquo;aucun fichier d&rsquo;installation suppl\u00e9mentaire n&rsquo;est n\u00e9cessaire<\/li>\n<li>pas besoin de chercher des fichiers APK sur des sites web tiers<\/li>\n<li>pas de d\u00e9pendance vis-\u00e0-vis de Google Play ou de l&rsquo;App Store<\/li>\n<li>faible impact sur l&rsquo;espace de stockage de l&rsquo;appareil et la consommation de la batterie<\/li>\n<\/ul>\n<p><img loading=\"lazy\" decoding=\"async\" class=\"alignnone size-full wp-image-1909\" src=\"https:\/\/spinstein.org\/wp-content\/uploads\/2026\/03\/Spinstein-iOS-App.webp\" alt=\"Spinstein iOS App\" width=\"1248\" height=\"536\" srcset=\"https:\/\/spinstein.org\/wp-content\/uploads\/2026\/03\/Spinstein-iOS-App.webp 1248w, https:\/\/spinstein.org\/wp-content\/uploads\/2026\/03\/Spinstein-iOS-App-300x129.webp 300w, https:\/\/spinstein.org\/wp-content\/uploads\/2026\/03\/Spinstein-iOS-App-1024x440.webp 1024w, https:\/\/spinstein.org\/wp-content\/uploads\/2026\/03\/Spinstein-iOS-App-768x330.webp 768w\" sizes=\"auto, (max-width: 1248px) 100vw, 1248px\" \/><\/p>\n<\/div><\/div><div style=\"clear: both\"><\/div><div class=\"d-flex justify-content-center\"><button data-item=\"decouvrez_link\" data-group=\"website_links\" class=\"goto fw-bold rounded-pill btn btn-orange\" aria-label=\"T\u00e9l\u00e9chargez l&#039;application Spinstein\" >T\u00e9l\u00e9chargez l&#039;application Spinstein<\/button><\/div><div class=\"scrollable-content-wrap my-5\"><div class=\"scrollable-content-inner\"><h2>T\u00e9l\u00e9chargements d&rsquo;applications Windows et macOS<\/h2>\n<p>Spinstein est \u00e9galement disponible sur les ordinateurs de bureau, y compris les syst\u00e8mes fonctionnant sous Windows et macOS. La version pour ordinateur de bureau est con\u00e7ue pour offrir des performances stables, des graphismes nets et l&rsquo;acc\u00e8s aux m\u00eames fonctionnalit\u00e9s essentielles que celles disponibles sur les autres versions de la plateforme. Cela inclut l&rsquo;acc\u00e8s au service d&rsquo;assistance, les outils de v\u00e9rification de compte et les principales sections de jeux.<\/p>\n<p>La plateforme fonctionne avec les navigateurs pris en charge, tels que Google Chrome, Mozilla Firefox, Safari et Microsoft Edge. Cela permet aux utilisateurs d&rsquo;acc\u00e9der \u00e0 Spinstein depuis un ordinateur de bureau ou un ordinateur portable sans avoir besoin, dans la plupart des cas, d&rsquo;installer un logiciel suppl\u00e9mentaire.<\/p>\n<table>\n<tbody>\n<tr>\n<td>Avantages<\/td>\n<td>Inconv\u00e9nients<\/td>\n<\/tr>\n<tr>\n<td>Peut \u00eatre lanc\u00e9 directement depuis le navigateur sans installation compl\u00e8te<\/td>\n<td>N\u00e9cessite une connexion Internet et ne prend pas enti\u00e8rement en charge l&rsquo;utilisation hors ligne<\/td>\n<\/tr>\n<tr>\n<td>Peut \u00eatre ajout\u00e9 depuis le site web en quelques minutes, sans t\u00e9l\u00e9chargement volumineux ni acc\u00e8s \u00e0 l&rsquo;App Store<\/td>\n<td>Les performances d\u00e9pendent du navigateur et de l&rsquo;appareil utilis\u00e9s<\/td>\n<\/tr>\n<tr>\n<td>Fonctionne toujours avec la derni\u00e8re version sans mise \u00e0 jour manuelle<\/td>\n<td>Certains navigateurs ou appareils peuvent limiter la prise en charge des notifications push<\/td>\n<\/tr>\n<tr>\n<td>Fonctionne sur diff\u00e9rents syst\u00e8mes d&rsquo;exploitation et appareils mobiles, y compris Android et iOS via Safari<\/td>\n<td>Dans certains cas, les performances peuvent \u00eatre moins stables que celles d&rsquo;une application enti\u00e8rement native<\/td>\n<\/tr>\n<tr>\n<td>Prend moins d&rsquo;espace de stockage qu&rsquo;une application install\u00e9e classique<\/td>\n<td><\/td>\n<\/tr>\n<tr>\n<td>Profitez des mises \u00e0 jour de s\u00e9curit\u00e9 du navigateur et des outils de protection int\u00e9gr\u00e9s<\/td>\n<td><\/td>\n<\/tr>\n<\/tbody>\n<\/table>\n<p><img loading=\"lazy\" decoding=\"async\" class=\"alignnone size-full wp-image-1901\" src=\"https:\/\/spinstein.org\/wp-content\/uploads\/2026\/03\/Spinstein-Desktop.webp\" alt=\"Spinstein Desktop\" width=\"1248\" height=\"536\" srcset=\"https:\/\/spinstein.org\/wp-content\/uploads\/2026\/03\/Spinstein-Desktop.webp 1248w, https:\/\/spinstein.org\/wp-content\/uploads\/2026\/03\/Spinstein-Desktop-300x129.webp 300w, https:\/\/spinstein.org\/wp-content\/uploads\/2026\/03\/Spinstein-Desktop-1024x440.webp 1024w, https:\/\/spinstein.org\/wp-content\/uploads\/2026\/03\/Spinstein-Desktop-768x330.webp 768w\" sizes=\"auto, (max-width: 1248px) 100vw, 1248px\" \/><\/p>\n<\/div><\/div><div style=\"clear: both\"><\/div><div class=\"d-flex justify-content-center\"><button data-item=\"decouvrez_link\" data-group=\"website_links\" class=\"goto fw-bold rounded-pill btn btn-orange\" aria-label=\"T\u00e9l\u00e9chargez l&#039;application Spinstein\" >T\u00e9l\u00e9chargez l&#039;application Spinstein<\/button><\/div><div class=\"scrollable-content-wrap my-5\"><div class=\"scrollable-content-inner\"><h2>FAQ<\/h2>\n<h3>Le service client est-il disponible dans l&rsquo;application Spinstein Casino ?<\/h3>\n<p>Oui, le service client est disponible via l&rsquo;application Spinstein ainsi que sur le site web officiel. Les utilisateurs peuvent contacter l&rsquo;\u00e9quipe d&rsquo;assistance par chat en direct \u00e0 tout moment de la journ\u00e9e. Ce service a pour but de vous aider \u00e0 r\u00e9soudre les probl\u00e8mes techniques, \u00e0 r\u00e9pondre \u00e0 vos questions relatives \u00e0 la v\u00e9rification d&rsquo;identit\u00e9 et \u00e0 traiter toute autre question concernant votre compte ou la plateforme.<\/p>\n<h3>Dois-je cr\u00e9er un compte pour utiliser l&rsquo;application Spinstein ?<\/h3>\n<p>Un compte est n\u00e9cessaire pour les utilisateurs qui souhaitent b\u00e9n\u00e9ficier d&rsquo;un acc\u00e8s complet aux fonctionnalit\u00e9s de la plateforme, notamment les d\u00e9p\u00f4ts, les retraits, l&rsquo;historique des transactions et le jeu en argent r\u00e9el. Par ailleurs, certains jeux peuvent \u00eatre accessibles en mode d\u00e9mo sans inscription. Pour profiter de toutes les fonctionnalit\u00e9s du compte, les joueurs doivent suivre la proc\u00e9dure d&rsquo;inscription et de v\u00e9rification. Cette proc\u00e9dure vise \u00e0 garantir la s\u00e9curit\u00e9 du compte et \u00e0 permettre l&rsquo;acc\u00e8s aux principaux services du casino.<\/p>\n<h3>Tous les jeux sont-ils disponibles dans l&rsquo;application Spinstein ?<\/h3>\n<p>La plupart des jeux propos\u00e9s par Spinstein sont \u00e9galement accessibles via l&rsquo;application mobile, notamment une large s\u00e9lection de machines \u00e0 sous et d&rsquo;autres jeux de casino. Cela dit, certains jeux ou certaines fonctionnalit\u00e9s peuvent n&rsquo;\u00eatre disponibles que sur la version pour ordinateur ou l&rsquo;interface Web. Pour la plupart des utilisateurs, cependant, l&rsquo;application comprend la biblioth\u00e8que de jeux principale et les fonctionnalit\u00e9s essentielles de la plateforme.<\/p>\n<\/div><\/div><\/p>\n","protected":false},"excerpt":{"rendered":"<p>Application Spinstein : Casino mobile L&rsquo;application Spinstein est id\u00e9ale pour les utilisateurs qui pr\u00e9f\u00e8rent jouer sur des appareils mobiles. Elle donne acc\u00e8s \u00e0 des machines \u00e0 sous en ligne, \u00e0 des jeux de table et \u00e0 d&rsquo;autres contenus de casino via une interface adapt\u00e9e aux mobiles. La plateforme est con\u00e7ue pour fonctionner sur diff\u00e9rents appareils, [&hellip;]<\/p>\n","protected":false},"author":1,"featured_media":0,"parent":0,"menu_order":0,"comment_status":"closed","ping_status":"closed","template":"template-builder.php","meta":{"_acf_changed":false,"inline_featured_image":false,"footnotes":""},"class_list":["post-1440","page","type-page","status-publish","hentry"],"acf":[],"yoast_head":"<!-- This site is optimized with the Yoast SEO plugin v27.3 - https:\/\/yoast.com\/product\/yoast-seo-wordpress\/ -->\n<title>T\u00e9l\u00e9charger Spinstein app | iOS et Android<\/title>\n<meta name=\"description\" content=\"L&#039;application Spinstein garantit une exp\u00e9rience de jeu fluide sur les plateformes Android, iOS, Windows et macOS, avec synchronisation des comptes, mises \u00e0 jour r\u00e9guli\u00e8res et assistance client int\u00e9gr\u00e9e pour une utilisation simplifi\u00e9e.\" \/>\n<meta name=\"robots\" content=\"index, follow, max-snippet:-1, max-image-preview:large, max-video-preview:-1\" \/>\n<link rel=\"canonical\" href=\"https:\/\/spinstein.org\/fr\/app\/\" \/>\n<meta property=\"og:locale\" content=\"fr_FR\" \/>\n<meta property=\"og:type\" content=\"article\" \/>\n<meta property=\"og:title\" content=\"T\u00e9l\u00e9charger Spinstein app | iOS et Android\" \/>\n<meta property=\"og:description\" content=\"L&#039;application Spinstein garantit une exp\u00e9rience de jeu fluide sur les plateformes Android, iOS, Windows et macOS, avec synchronisation des comptes, mises \u00e0 jour r\u00e9guli\u00e8res et assistance client int\u00e9gr\u00e9e pour une utilisation simplifi\u00e9e.\" \/>\n<meta property=\"og:url\" content=\"https:\/\/spinstein.org\/fr\/app\/\" \/>\n<meta property=\"og:site_name\" content=\"spinstein\" \/>\n<meta property=\"article:modified_time\" content=\"2026-03-23T10:15:31+00:00\" \/>\n<meta name=\"twitter:card\" content=\"summary_large_image\" \/>\n<meta name=\"twitter:label1\" content=\"Dur\u00e9e de lecture estim\u00e9e\" \/>\n\t<meta name=\"twitter:data1\" content=\"1 minute\" \/>\n<script type=\"application\/ld+json\" class=\"yoast-schema-graph\">{\"@context\":\"https:\\\/\\\/schema.org\",\"@graph\":[{\"@type\":\"WebPage\",\"@id\":\"https:\\\/\\\/spinstein.org\\\/fr\\\/app\\\/\",\"url\":\"https:\\\/\\\/spinstein.org\\\/fr\\\/app\\\/\",\"name\":\"T\u00e9l\u00e9charger Spinstein app | iOS et Android\",\"isPartOf\":{\"@id\":\"https:\\\/\\\/spinstein.org\\\/fr\\\/#website\"},\"datePublished\":\"2026-01-20T12:08:23+00:00\",\"dateModified\":\"2026-03-23T10:15:31+00:00\",\"description\":\"L'application Spinstein garantit une exp\u00e9rience de jeu fluide sur les plateformes Android, iOS, Windows et macOS, avec synchronisation des comptes, mises \u00e0 jour r\u00e9guli\u00e8res et assistance client int\u00e9gr\u00e9e pour une utilisation simplifi\u00e9e.\",\"breadcrumb\":{\"@id\":\"https:\\\/\\\/spinstein.org\\\/fr\\\/app\\\/#breadcrumb\"},\"inLanguage\":\"fr-FR\",\"potentialAction\":[{\"@type\":\"ReadAction\",\"target\":[\"https:\\\/\\\/spinstein.org\\\/fr\\\/app\\\/\"]}]},{\"@type\":\"BreadcrumbList\",\"@id\":\"https:\\\/\\\/spinstein.org\\\/fr\\\/app\\\/#breadcrumb\",\"itemListElement\":[{\"@type\":\"ListItem\",\"position\":1,\"name\":\"Spinstein\",\"item\":\"https:\\\/\\\/spinstein.org\\\/fr\\\/\"},{\"@type\":\"ListItem\",\"position\":2,\"name\":\"App\"}]},{\"@type\":\"WebSite\",\"@id\":\"https:\\\/\\\/spinstein.org\\\/fr\\\/#website\",\"url\":\"https:\\\/\\\/spinstein.org\\\/fr\\\/\",\"name\":\"Spinstein\",\"description\":\"\",\"publisher\":{\"@id\":\"https:\\\/\\\/spinstein.org\\\/fr\\\/#organization\"},\"potentialAction\":[{\"@type\":\"SearchAction\",\"target\":{\"@type\":\"EntryPoint\",\"urlTemplate\":\"https:\\\/\\\/spinstein.org\\\/fr\\\/?s={search_term_string}\"},\"query-input\":{\"@type\":\"PropertyValueSpecification\",\"valueRequired\":true,\"valueName\":\"search_term_string\"}}],\"inLanguage\":\"fr-FR\"},{\"@type\":\"Organization\",\"@id\":\"https:\\\/\\\/spinstein.org\\\/fr\\\/#organization\",\"name\":\"Spinstein\",\"url\":\"https:\\\/\\\/spinstein.org\\\/fr\\\/\",\"logo\":{\"@type\":\"ImageObject\",\"inLanguage\":\"fr-FR\",\"@id\":\"https:\\\/\\\/spinstein.org\\\/fr\\\/#\\\/schema\\\/logo\\\/image\\\/\",\"url\":\"https:\\\/\\\/spinstein.org\\\/wp-content\\\/uploads\\\/2026\\\/03\\\/spinstein-logo.svg\",\"contentUrl\":\"https:\\\/\\\/spinstein.org\\\/wp-content\\\/uploads\\\/2026\\\/03\\\/spinstein-logo.svg\",\"width\":83,\"height\":20,\"caption\":\"Spinstein\"},\"image\":{\"@id\":\"https:\\\/\\\/spinstein.org\\\/fr\\\/#\\\/schema\\\/logo\\\/image\\\/\"}}]}<\/script>\n<!-- \/ Yoast SEO plugin. -->","yoast_head_json":{"title":"T\u00e9l\u00e9charger Spinstein app | iOS et Android","description":"L'application Spinstein garantit une exp\u00e9rience de jeu fluide sur les plateformes Android, iOS, Windows et macOS, avec synchronisation des comptes, mises \u00e0 jour r\u00e9guli\u00e8res et assistance client int\u00e9gr\u00e9e pour une utilisation simplifi\u00e9e.","robots":{"index":"index","follow":"follow","max-snippet":"max-snippet:-1","max-image-preview":"max-image-preview:large","max-video-preview":"max-video-preview:-1"},"canonical":"https:\/\/spinstein.org\/fr\/app\/","og_locale":"fr_FR","og_type":"article","og_title":"T\u00e9l\u00e9charger Spinstein app | iOS et Android","og_description":"L'application Spinstein garantit une exp\u00e9rience de jeu fluide sur les plateformes Android, iOS, Windows et macOS, avec synchronisation des comptes, mises \u00e0 jour r\u00e9guli\u00e8res et assistance client int\u00e9gr\u00e9e pour une utilisation simplifi\u00e9e.","og_url":"https:\/\/spinstein.org\/fr\/app\/","og_site_name":"spinstein","article_modified_time":"2026-03-23T10:15:31+00:00","twitter_card":"summary_large_image","twitter_misc":{"Dur\u00e9e de lecture estim\u00e9e":"1 minute"},"schema":{"@context":"https:\/\/schema.org","@graph":[{"@type":"WebPage","@id":"https:\/\/spinstein.org\/fr\/app\/","url":"https:\/\/spinstein.org\/fr\/app\/","name":"T\u00e9l\u00e9charger Spinstein app | iOS et Android","isPartOf":{"@id":"https:\/\/spinstein.org\/fr\/#website"},"datePublished":"2026-01-20T12:08:23+00:00","dateModified":"2026-03-23T10:15:31+00:00","description":"L'application Spinstein garantit une exp\u00e9rience de jeu fluide sur les plateformes Android, iOS, Windows et macOS, avec synchronisation des comptes, mises \u00e0 jour r\u00e9guli\u00e8res et assistance client int\u00e9gr\u00e9e pour une utilisation simplifi\u00e9e.","breadcrumb":{"@id":"https:\/\/spinstein.org\/fr\/app\/#breadcrumb"},"inLanguage":"fr-FR","potentialAction":[{"@type":"ReadAction","target":["https:\/\/spinstein.org\/fr\/app\/"]}]},{"@type":"BreadcrumbList","@id":"https:\/\/spinstein.org\/fr\/app\/#breadcrumb","itemListElement":[{"@type":"ListItem","position":1,"name":"Spinstein","item":"https:\/\/spinstein.org\/fr\/"},{"@type":"ListItem","position":2,"name":"App"}]},{"@type":"WebSite","@id":"https:\/\/spinstein.org\/fr\/#website","url":"https:\/\/spinstein.org\/fr\/","name":"Spinstein","description":"","publisher":{"@id":"https:\/\/spinstein.org\/fr\/#organization"},"potentialAction":[{"@type":"SearchAction","target":{"@type":"EntryPoint","urlTemplate":"https:\/\/spinstein.org\/fr\/?s={search_term_string}"},"query-input":{"@type":"PropertyValueSpecification","valueRequired":true,"valueName":"search_term_string"}}],"inLanguage":"fr-FR"},{"@type":"Organization","@id":"https:\/\/spinstein.org\/fr\/#organization","name":"Spinstein","url":"https:\/\/spinstein.org\/fr\/","logo":{"@type":"ImageObject","inLanguage":"fr-FR","@id":"https:\/\/spinstein.org\/fr\/#\/schema\/logo\/image\/","url":"https:\/\/spinstein.org\/wp-content\/uploads\/2026\/03\/spinstein-logo.svg","contentUrl":"https:\/\/spinstein.org\/wp-content\/uploads\/2026\/03\/spinstein-logo.svg","width":83,"height":20,"caption":"Spinstein"},"image":{"@id":"https:\/\/spinstein.org\/fr\/#\/schema\/logo\/image\/"}}]}},"_links":{"self":[{"href":"https:\/\/spinstein.org\/fr\/wp-json\/wp\/v2\/pages\/1440","targetHints":{"allow":["GET"]}}],"collection":[{"href":"https:\/\/spinstein.org\/fr\/wp-json\/wp\/v2\/pages"}],"about":[{"href":"https:\/\/spinstein.org\/fr\/wp-json\/wp\/v2\/types\/page"}],"author":[{"embeddable":true,"href":"https:\/\/spinstein.org\/fr\/wp-json\/wp\/v2\/users\/1"}],"replies":[{"embeddable":true,"href":"https:\/\/spinstein.org\/fr\/wp-json\/wp\/v2\/comments?post=1440"}],"version-history":[{"count":4,"href":"https:\/\/spinstein.org\/fr\/wp-json\/wp\/v2\/pages\/1440\/revisions"}],"predecessor-version":[{"id":1988,"href":"https:\/\/spinstein.org\/fr\/wp-json\/wp\/v2\/pages\/1440\/revisions\/1988"}],"wp:attachment":[{"href":"https:\/\/spinstein.org\/fr\/wp-json\/wp\/v2\/media?parent=1440"}],"curies":[{"name":"wp","href":"https:\/\/api.w.org\/{rel}","templated":true}]}}