{"id":1487,"date":"2026-01-20T12:11:11","date_gmt":"2026-01-20T12:11:11","guid":{"rendered":"https:\/\/bonuskongcasino.com\/login-and-registration\/"},"modified":"2026-03-23T11:33:13","modified_gmt":"2026-03-23T11:33:13","slug":"inicio-de-sesion-y-registro","status":"publish","type":"page","link":"https:\/\/spinstein.org\/es\/inicio-de-sesion-y-registro\/","title":{"rendered":"Inicio de sesi\u00f3n y Registro"},"content":{"rendered":"<h1>Inicio de sesi\u00f3n en Spinstein: acceso a la cuenta y gesti\u00f3n del perfil<\/h1>\n<p>El inicio de sesi\u00f3n en Spinstein es la principal forma de acceder a tu cuenta del casino y gestionar tu actividad en la plataforma. La p\u00e1gina web est\u00e1 dise\u00f1ada para facilitar el acceso a la cuenta, sin dejar de lado la seguridad y la facilidad de uso. Los jugadores pueden utilizar sus cuentas para explorar la biblioteca de juegos, gestionar los pagos y ponerse en contacto con el servicio de atenci\u00f3n al cliente cuando lo necesiten.<\/p>\n<p><div class=\"banner-wrap\" aria-label=\"Banner\"><img src=\"https:\/\/spinstein.org\/wp-content\/uploads\/2026\/03\/Spinstein-banner-carousel-800\u0445400.webp\" class=\"w-100 d-none d-lg-block img-pc main-banner-img\" alt=\"promo desktop\" fetchpriority=\"high\" decoding=\"async\"><img src=\"https:\/\/spinstein.org\/wp-content\/uploads\/2026\/03\/spinstein-banner-mobile.webp\" class=\"w-100 d-none d-md-block d-lg-none main-banner-img\" alt=\"promo mobile\" fetchpriority=\"high\" decoding=\"async\"><img src=\"https:\/\/spinstein.org\/wp-content\/uploads\/2026\/03\/spinstein-banner-mobile.webp\" class=\"w-100 d-md-none\" alt=\"promo mobile\" fetchpriority=\"high\" decoding=\"async\"><div class=\"banner-description\">\n<div class=\"banner-title\">Bonos de bienvenida<\/div>\n<p class=\"banner-header-title\">1500 \u20ac<\/p>\n<div class=\"banner-header-AdditionalText\">+ 250 Tiradas gratis<\/div>\n<button data-item=\"homepage_banner_link\" class=\"goto m-button m-gradient-border m-button--primary m-button--large banner-button btn-orange\">\n            <div class=\"m-button-content\">\n                <span>Reg\u00edstrate ahora<\/span>\n                <span><\/span>\n            <\/div>\n        <\/button>\n<\/div>\n<div class=\"WelcomePack\">\n<p><img loading=\"lazy\" decoding=\"async\" class=\"alignnone size-full wp-image-1858\" src=\"https:\/\/spinstein.org\/wp-content\/uploads\/2026\/03\/welcome-crown-1.png\" alt=\"welcome crown\" width=\"25\" height=\"26\" \/><\/p>\n<div class=\"WelcomePack-Info\">Reembolso semanal de hasta el 25 %<\/div>\n<p><img loading=\"lazy\" decoding=\"async\" class=\"alignnone size-full wp-image-1858\" src=\"https:\/\/spinstein.org\/wp-content\/uploads\/2026\/03\/welcome-crown-1.png\" alt=\"welcome crown\" width=\"25\" height=\"26\" \/><\/p>\n<\/div>\n<\/div><div class=\"scrollable-content-wrap my-5\"><div class=\"scrollable-content-inner\"><h2>Registro para nuevos usuarios<\/h2>\n<p>El proceso de registro en Spinstein est\u00e1 dise\u00f1ado para ser sencillo y seguro. Constituye la puerta de entrada a toda la plataforma y est\u00e1 disponible para usuarios mayores de 18 a\u00f1os. El sitio web tambi\u00e9n est\u00e1 disponible en varios idiomas, lo que facilita el uso del servicio a jugadores de diferentes regiones. Tras registrarse, los usuarios pueden acceder a las funciones principales de la plataforma y gestionar su actividad de juego a trav\u00e9s de una cuenta personal.<\/p>\n<h3>Abre tu cuenta en Spinstein<\/h3>\n<p>Al crear una cuenta en Spinstein, los usuarios obtienen acceso a las principales funciones de la plataforma, entre las que se incluyen las tragaperras, los juegos de mesa y los juegos con crupier en vivo. El registro tambi\u00e9n permite a los jugadores utilizar las opciones de pago, participar en torneos, recibir ofertas promocionales y gestionar su perfil de juego.<\/p>\n<p>El proceso de registro es relativamente sencillo. Para registrarse, los usuarios suelen tener que seguir los siguientes pasos:<\/p>\n<ol>\n<li>Abre la p\u00e1gina de inicio de Spinstein<\/li>\n<li>Busca el bot\u00f3n de registro<\/li>\n<li>Rellena el formulario de inscripci\u00f3n<\/li>\n<li>Introduce una direcci\u00f3n de correo electr\u00f3nico v\u00e1lida y crea una contrase\u00f1a segura<\/li>\n<li>Lee y acepta los t\u00e9rminos y condiciones, y confirma que eres mayor de edad<\/li>\n<li>Env\u00eda el formulario de inscripci\u00f3n<\/li>\n<li>Confirma la direcci\u00f3n de correo electr\u00f3nico a trav\u00e9s del enlace que se ha enviado a tu bandeja de entrada<\/li>\n<\/ol>\n<p>Por lo general, los datos personales adicionales, como el nombre completo, la fecha de nacimiento y la direcci\u00f3n de residencia, se pueden a\u00f1adir m\u00e1s adelante en la configuraci\u00f3n de la cuenta. Esto permite a los usuarios completar r\u00e1pidamente la primera fase del registro y continuar configurando el perfil posteriormente.<\/p>\n<p><img loading=\"lazy\" decoding=\"async\" class=\"alignnone size-full wp-image-1922\" src=\"https:\/\/spinstein.org\/wp-content\/uploads\/2026\/03\/Spinstein-Login.webp\" alt=\"Spinstein Login\" width=\"1248\" height=\"536\" srcset=\"https:\/\/spinstein.org\/wp-content\/uploads\/2026\/03\/Spinstein-Login.webp 1248w, https:\/\/spinstein.org\/wp-content\/uploads\/2026\/03\/Spinstein-Login-300x129.webp 300w, https:\/\/spinstein.org\/wp-content\/uploads\/2026\/03\/Spinstein-Login-1024x440.webp 1024w, https:\/\/spinstein.org\/wp-content\/uploads\/2026\/03\/Spinstein-Login-768x330.webp 768w\" sizes=\"auto, (max-width: 1248px) 100vw, 1248px\" \/><\/p>\n<h2>Iniciar sesi\u00f3n en Spinstein<\/h2>\n<p>Una vez completado el registro, iniciar sesi\u00f3n en una cuenta de Spinstein es muy sencillo. En la mayor\u00eda de los casos, los usuarios deben seguir estos pasos:<\/p>\n<ol>\n<li>Haz clic en el bot\u00f3n \u00abIniciar sesi\u00f3n\u00bb situado en la parte superior de la p\u00e1gina<\/li>\n<li>Introduce la direcci\u00f3n de correo electr\u00f3nico y la contrase\u00f1a registradas<\/li>\n<li>Completa el proceso de verificaci\u00f3n utilizando el c\u00f3digo enviado a tu dispositivo m\u00f3vil o una aplicaci\u00f3n de autenticaci\u00f3n<\/li>\n<li>Accede al \u00e1rea de la cuenta tras iniciar sesi\u00f3n correctamente<\/li>\n<\/ol>\n<p>Una vez iniciada la sesi\u00f3n, los usuarios pueden actualizar los datos de su perfil, consultar los dep\u00f3sitos y retiradas, revisar las ganancias y ver el historial de transacciones. La secci\u00f3n de la cuenta est\u00e1 organizada de tal forma que se pueda acceder f\u00e1cilmente a estas funciones.<\/p>\n<h3>\u00bfHas olvidado tu contrase\u00f1a?<\/h3>\n<p>Si un usuario olvida su contrase\u00f1a, puede utilizar la opci\u00f3n de recuperaci\u00f3n desde la secci\u00f3n de inicio de sesi\u00f3n seleccionando \u00ab\u00bfHa olvidado su contrase\u00f1a?\u00bb. A continuaci\u00f3n, normalmente se env\u00edan por correo electr\u00f3nico las instrucciones para restablecer el acceso. Esto permite al titular de la cuenta recuperar el acceso siguiendo los pasos indicados en el mensaje.<\/p>\n<h3>Spinstein Casino: seguridad y verificaci\u00f3n de la cuenta<\/h3>\n<p>Spinstein aplica varias medidas para proteger los datos de las cuentas y la actividad de los usuarios. Entre ellas se incluyen el cifrado TLS durante la transmisi\u00f3n de datos y la opci\u00f3n de habilitar la autenticaci\u00f3n de dos factores para reforzar la seguridad de las cuentas. La verificaci\u00f3n de la identidad tambi\u00e9n forma parte del proceso y puede requerir que los usuarios suban documentos personales. Este paso se utiliza para confirmar la identidad, reducir el riesgo de fraude y garantizar la seguridad de los retiros.<\/p>\n<table>\n<tbody>\n<tr>\n<td>Tipo de protecci\u00f3n<\/td>\n<td>Detalles<\/td>\n<\/tr>\n<tr>\n<td>Seguridad de la plataforma<\/td>\n<td>Cifrado TLS, autenticaci\u00f3n de dos factores (2FA), procedimientos de verificaci\u00f3n, cumplimiento del RGPD, generador de n\u00fameros aleatorios (RNG) certificado y una licencia de Tobique<\/td>\n<\/tr>\n<tr>\n<td>Atenci\u00f3n al cliente<\/td>\n<td>Asistencia multiling\u00fce, chat en vivo y atenci\u00f3n por correo electr\u00f3nico las 24 horas del d\u00eda, los 7 d\u00edas de la semana<\/td>\n<\/tr>\n<tr>\n<td>Requisitos de inscripci\u00f3n<\/td>\n<td>Direcci\u00f3n de correo electr\u00f3nico v\u00e1lida, verificaci\u00f3n de la edad y datos personales durante el registro<\/td>\n<\/tr>\n<tr>\n<td>Proceso de verificaci\u00f3n<\/td>\n<td>Carga de documentos para su revisi\u00f3n<\/td>\n<\/tr>\n<\/tbody>\n<\/table>\n<h2>FAQ<\/h2>\n<h3>\u00bfC\u00f3mo puedo completar la verificaci\u00f3n de la cuenta?<\/h3>\n<p>Para completar el proceso de verificaci\u00f3n en Spinstein Casino, los usuarios suelen tener que subir documentos v\u00e1lidos que confirmen su identidad y, en algunos casos, sus datos de domicilio. Estos pueden incluir un documento de identidad oficial o un justificante de domicilio. Una vez enviados los documentos, el equipo de atenci\u00f3n al cliente lleva a cabo la revisi\u00f3n. Cuando finaliza la comprobaci\u00f3n, se informa al usuario del resultado o se le solicita que facilite informaci\u00f3n adicional si es necesario.<\/p>\n<h3>\u00bfC\u00f3mo puedo cambiar mi contrase\u00f1a o mi direcci\u00f3n de correo electr\u00f3nico?<\/h3>\n<p>Por lo general, los datos de la contrase\u00f1a o del correo electr\u00f3nico se pueden actualizar en la secci\u00f3n de configuraci\u00f3n de la cuenta. Para realizar los cambios, el usuario debe acceder al \u00e1rea de perfil, seleccionar la opci\u00f3n correspondiente y confirmar la actualizaci\u00f3n. En algunos casos, puede ser necesario un paso de seguridad adicional, como la confirmaci\u00f3n por correo electr\u00f3nico o la autenticaci\u00f3n de dos factores.<\/p>\n<h3>\u00bfQu\u00e9 debo hacer si mi cuenta est\u00e1 bloqueada?<\/h3>\n<p>Si el acceso a la cuenta est\u00e1 restringido, lo mejor es ponerse en contacto con el equipo de atenci\u00f3n al cliente de Spinstein a trav\u00e9s del chat en vivo o por correo electr\u00f3nico. Los bloqueos de cuentas suelen revisarse manualmente, y es posible que se requiera una verificaci\u00f3n de identidad adicional antes de restablecer el acceso.<\/p>\n<\/div><\/div><\/p>\n","protected":false},"excerpt":{"rendered":"<p>Inicio de sesi\u00f3n en Spinstein: acceso a la cuenta y gesti\u00f3n del perfil El inicio de sesi\u00f3n en Spinstein es la principal forma de acceder a tu cuenta del casino y gestionar tu actividad en la plataforma. La p\u00e1gina web est\u00e1 dise\u00f1ada para facilitar el acceso a la cuenta, sin dejar de lado la seguridad [&hellip;]<\/p>\n","protected":false},"author":1,"featured_media":0,"parent":0,"menu_order":0,"comment_status":"closed","ping_status":"closed","template":"template-builder.php","meta":{"_acf_changed":false,"inline_featured_image":false,"footnotes":""},"class_list":["post-1487","page","type-page","status-publish","hentry"],"acf":[],"yoast_head":"<!-- This site is optimized with the Yoast SEO plugin v27.3 - https:\/\/yoast.com\/product\/yoast-seo-wordpress\/ -->\n<title>Spinstein Login: reg\u00edstrate y gestiona tu cuenta<\/title>\n<meta name=\"description\" content=\"Crea, gestiona y verifica f\u00e1cilmente tu cuenta de Spinstein Casino gracias a un registro r\u00e1pido, una recuperaci\u00f3n de cuenta sin complicaciones y un cierre de cuenta seguro, lo que garantiza una protecci\u00f3n las 24 horas del d\u00eda, los 7 d\u00edas de la semana, a trav\u00e9s de Spinstein Login.\" \/>\n<meta name=\"robots\" content=\"index, follow, max-snippet:-1, max-image-preview:large, max-video-preview:-1\" \/>\n<link rel=\"canonical\" href=\"https:\/\/spinstein.org\/es\/inicio-de-sesion-y-registro\/\" \/>\n<meta property=\"og:locale\" content=\"es_ES\" \/>\n<meta property=\"og:type\" content=\"article\" \/>\n<meta property=\"og:title\" content=\"Spinstein Login: reg\u00edstrate y gestiona tu cuenta\" \/>\n<meta property=\"og:description\" content=\"Crea, gestiona y verifica f\u00e1cilmente tu cuenta de Spinstein Casino gracias a un registro r\u00e1pido, una recuperaci\u00f3n de cuenta sin complicaciones y un cierre de cuenta seguro, lo que garantiza una protecci\u00f3n las 24 horas del d\u00eda, los 7 d\u00edas de la semana, a trav\u00e9s de Spinstein Login.\" \/>\n<meta property=\"og:url\" content=\"https:\/\/spinstein.org\/es\/inicio-de-sesion-y-registro\/\" \/>\n<meta property=\"og:site_name\" content=\"spinstein\" \/>\n<meta property=\"article:modified_time\" content=\"2026-03-23T11:33:13+00:00\" \/>\n<meta name=\"twitter:card\" content=\"summary_large_image\" \/>\n<meta name=\"twitter:label1\" content=\"Est. reading time\" \/>\n\t<meta name=\"twitter:data1\" content=\"1 minute\" \/>\n<script type=\"application\/ld+json\" class=\"yoast-schema-graph\">{\"@context\":\"https:\\\/\\\/schema.org\",\"@graph\":[{\"@type\":\"WebPage\",\"@id\":\"https:\\\/\\\/spinstein.org\\\/es\\\/inicio-de-sesion-y-registro\\\/\",\"url\":\"https:\\\/\\\/spinstein.org\\\/es\\\/inicio-de-sesion-y-registro\\\/\",\"name\":\"Spinstein Login: reg\u00edstrate y gestiona tu cuenta\",\"isPartOf\":{\"@id\":\"https:\\\/\\\/spinstein.org\\\/es\\\/#website\"},\"datePublished\":\"2026-01-20T12:11:11+00:00\",\"dateModified\":\"2026-03-23T11:33:13+00:00\",\"description\":\"Crea, gestiona y verifica f\u00e1cilmente tu cuenta de Spinstein Casino gracias a un registro r\u00e1pido, una recuperaci\u00f3n de cuenta sin complicaciones y un cierre de cuenta seguro, lo que garantiza una protecci\u00f3n las 24 horas del d\u00eda, los 7 d\u00edas de la semana, a trav\u00e9s de Spinstein Login.\",\"breadcrumb\":{\"@id\":\"https:\\\/\\\/spinstein.org\\\/es\\\/inicio-de-sesion-y-registro\\\/#breadcrumb\"},\"inLanguage\":\"es-ES\",\"potentialAction\":[{\"@type\":\"ReadAction\",\"target\":[\"https:\\\/\\\/spinstein.org\\\/es\\\/inicio-de-sesion-y-registro\\\/\"]}]},{\"@type\":\"BreadcrumbList\",\"@id\":\"https:\\\/\\\/spinstein.org\\\/es\\\/inicio-de-sesion-y-registro\\\/#breadcrumb\",\"itemListElement\":[{\"@type\":\"ListItem\",\"position\":1,\"name\":\"Spinstein\",\"item\":\"https:\\\/\\\/spinstein.org\\\/es\\\/\"},{\"@type\":\"ListItem\",\"position\":2,\"name\":\"Inicio de sesi\u00f3n y Registro\"}]},{\"@type\":\"WebSite\",\"@id\":\"https:\\\/\\\/spinstein.org\\\/es\\\/#website\",\"url\":\"https:\\\/\\\/spinstein.org\\\/es\\\/\",\"name\":\"Spinstein\",\"description\":\"\",\"publisher\":{\"@id\":\"https:\\\/\\\/spinstein.org\\\/es\\\/#organization\"},\"potentialAction\":[{\"@type\":\"SearchAction\",\"target\":{\"@type\":\"EntryPoint\",\"urlTemplate\":\"https:\\\/\\\/spinstein.org\\\/es\\\/?s={search_term_string}\"},\"query-input\":{\"@type\":\"PropertyValueSpecification\",\"valueRequired\":true,\"valueName\":\"search_term_string\"}}],\"inLanguage\":\"es-ES\"},{\"@type\":\"Organization\",\"@id\":\"https:\\\/\\\/spinstein.org\\\/es\\\/#organization\",\"name\":\"Spinstein\",\"url\":\"https:\\\/\\\/spinstein.org\\\/es\\\/\",\"logo\":{\"@type\":\"ImageObject\",\"inLanguage\":\"es-ES\",\"@id\":\"https:\\\/\\\/spinstein.org\\\/es\\\/#\\\/schema\\\/logo\\\/image\\\/\",\"url\":\"https:\\\/\\\/spinstein.org\\\/wp-content\\\/uploads\\\/2026\\\/03\\\/spinstein-logo.svg\",\"contentUrl\":\"https:\\\/\\\/spinstein.org\\\/wp-content\\\/uploads\\\/2026\\\/03\\\/spinstein-logo.svg\",\"width\":83,\"height\":20,\"caption\":\"Spinstein\"},\"image\":{\"@id\":\"https:\\\/\\\/spinstein.org\\\/es\\\/#\\\/schema\\\/logo\\\/image\\\/\"}}]}<\/script>\n<!-- \/ Yoast SEO plugin. -->","yoast_head_json":{"title":"Spinstein Login: reg\u00edstrate y gestiona tu cuenta","description":"Crea, gestiona y verifica f\u00e1cilmente tu cuenta de Spinstein Casino gracias a un registro r\u00e1pido, una recuperaci\u00f3n de cuenta sin complicaciones y un cierre de cuenta seguro, lo que garantiza una protecci\u00f3n las 24 horas del d\u00eda, los 7 d\u00edas de la semana, a trav\u00e9s de Spinstein Login.","robots":{"index":"index","follow":"follow","max-snippet":"max-snippet:-1","max-image-preview":"max-image-preview:large","max-video-preview":"max-video-preview:-1"},"canonical":"https:\/\/spinstein.org\/es\/inicio-de-sesion-y-registro\/","og_locale":"es_ES","og_type":"article","og_title":"Spinstein Login: reg\u00edstrate y gestiona tu cuenta","og_description":"Crea, gestiona y verifica f\u00e1cilmente tu cuenta de Spinstein Casino gracias a un registro r\u00e1pido, una recuperaci\u00f3n de cuenta sin complicaciones y un cierre de cuenta seguro, lo que garantiza una protecci\u00f3n las 24 horas del d\u00eda, los 7 d\u00edas de la semana, a trav\u00e9s de Spinstein Login.","og_url":"https:\/\/spinstein.org\/es\/inicio-de-sesion-y-registro\/","og_site_name":"spinstein","article_modified_time":"2026-03-23T11:33:13+00:00","twitter_card":"summary_large_image","twitter_misc":{"Est. reading time":"1 minute"},"schema":{"@context":"https:\/\/schema.org","@graph":[{"@type":"WebPage","@id":"https:\/\/spinstein.org\/es\/inicio-de-sesion-y-registro\/","url":"https:\/\/spinstein.org\/es\/inicio-de-sesion-y-registro\/","name":"Spinstein Login: reg\u00edstrate y gestiona tu cuenta","isPartOf":{"@id":"https:\/\/spinstein.org\/es\/#website"},"datePublished":"2026-01-20T12:11:11+00:00","dateModified":"2026-03-23T11:33:13+00:00","description":"Crea, gestiona y verifica f\u00e1cilmente tu cuenta de Spinstein Casino gracias a un registro r\u00e1pido, una recuperaci\u00f3n de cuenta sin complicaciones y un cierre de cuenta seguro, lo que garantiza una protecci\u00f3n las 24 horas del d\u00eda, los 7 d\u00edas de la semana, a trav\u00e9s de Spinstein Login.","breadcrumb":{"@id":"https:\/\/spinstein.org\/es\/inicio-de-sesion-y-registro\/#breadcrumb"},"inLanguage":"es-ES","potentialAction":[{"@type":"ReadAction","target":["https:\/\/spinstein.org\/es\/inicio-de-sesion-y-registro\/"]}]},{"@type":"BreadcrumbList","@id":"https:\/\/spinstein.org\/es\/inicio-de-sesion-y-registro\/#breadcrumb","itemListElement":[{"@type":"ListItem","position":1,"name":"Spinstein","item":"https:\/\/spinstein.org\/es\/"},{"@type":"ListItem","position":2,"name":"Inicio de sesi\u00f3n y Registro"}]},{"@type":"WebSite","@id":"https:\/\/spinstein.org\/es\/#website","url":"https:\/\/spinstein.org\/es\/","name":"Spinstein","description":"","publisher":{"@id":"https:\/\/spinstein.org\/es\/#organization"},"potentialAction":[{"@type":"SearchAction","target":{"@type":"EntryPoint","urlTemplate":"https:\/\/spinstein.org\/es\/?s={search_term_string}"},"query-input":{"@type":"PropertyValueSpecification","valueRequired":true,"valueName":"search_term_string"}}],"inLanguage":"es-ES"},{"@type":"Organization","@id":"https:\/\/spinstein.org\/es\/#organization","name":"Spinstein","url":"https:\/\/spinstein.org\/es\/","logo":{"@type":"ImageObject","inLanguage":"es-ES","@id":"https:\/\/spinstein.org\/es\/#\/schema\/logo\/image\/","url":"https:\/\/spinstein.org\/wp-content\/uploads\/2026\/03\/spinstein-logo.svg","contentUrl":"https:\/\/spinstein.org\/wp-content\/uploads\/2026\/03\/spinstein-logo.svg","width":83,"height":20,"caption":"Spinstein"},"image":{"@id":"https:\/\/spinstein.org\/es\/#\/schema\/logo\/image\/"}}]}},"_links":{"self":[{"href":"https:\/\/spinstein.org\/es\/wp-json\/wp\/v2\/pages\/1487","targetHints":{"allow":["GET"]}}],"collection":[{"href":"https:\/\/spinstein.org\/es\/wp-json\/wp\/v2\/pages"}],"about":[{"href":"https:\/\/spinstein.org\/es\/wp-json\/wp\/v2\/types\/page"}],"author":[{"embeddable":true,"href":"https:\/\/spinstein.org\/es\/wp-json\/wp\/v2\/users\/1"}],"replies":[{"embeddable":true,"href":"https:\/\/spinstein.org\/es\/wp-json\/wp\/v2\/comments?post=1487"}],"version-history":[{"count":3,"href":"https:\/\/spinstein.org\/es\/wp-json\/wp\/v2\/pages\/1487\/revisions"}],"predecessor-version":[{"id":2030,"href":"https:\/\/spinstein.org\/es\/wp-json\/wp\/v2\/pages\/1487\/revisions\/2030"}],"wp:attachment":[{"href":"https:\/\/spinstein.org\/es\/wp-json\/wp\/v2\/media?parent=1487"}],"curies":[{"name":"wp","href":"https:\/\/api.w.org\/{rel}","templated":true}]}}