{"id":1449,"date":"2026-01-20T12:08:23","date_gmt":"2026-01-20T12:08:23","guid":{"rendered":"https:\/\/bonuskongcasino.com\/app-2\/"},"modified":"2026-03-23T11:31:14","modified_gmt":"2026-03-23T11:31:14","slug":"aplicacion","status":"publish","type":"page","link":"https:\/\/spinstein.org\/es\/aplicacion\/","title":{"rendered":"Aplicaci\u00f3n"},"content":{"rendered":"<h1>Aplicaci\u00f3n Spinstein: Casino m\u00f3vil<\/h1>\n<p>La aplicaci\u00f3n Spinstein es ideal para los usuarios que prefieren jugar en dispositivos m\u00f3viles. Ofrece acceso a tragaperras online, juegos de mesa y otros contenidos de casino a trav\u00e9s de una interfaz adaptada a dispositivos m\u00f3viles. La plataforma est\u00e1 dise\u00f1ada para funcionar en distintos dispositivos, lo que permite a los jugadores utilizar sus cuentas y juegos de una forma m\u00e1s flexible.<\/p>\n<div class=\"banner-wrap\" aria-label=\"Banner\"><img src=\"https:\/\/spinstein.org\/wp-content\/uploads\/2026\/03\/Spinstein-banner-carousel-800\u0445400.webp\" class=\"w-100 d-none d-lg-block img-pc main-banner-img\" alt=\"promo desktop\" fetchpriority=\"high\" decoding=\"async\"><img src=\"https:\/\/spinstein.org\/wp-content\/uploads\/2026\/03\/spinstein-banner-mobile.webp\" class=\"w-100 d-none d-md-block d-lg-none main-banner-img\" alt=\"promo mobile\" fetchpriority=\"high\" decoding=\"async\"><img src=\"https:\/\/spinstein.org\/wp-content\/uploads\/2026\/03\/spinstein-banner-mobile.webp\" class=\"w-100 d-md-none\" alt=\"promo mobile\" fetchpriority=\"high\" decoding=\"async\"><div class=\"banner-description\">\n<div class=\"banner-title\">Bonos de bienvenida<\/div>\n<p class=\"banner-header-title\">1500 \u20ac<\/p>\n<div class=\"banner-header-AdditionalText\">+ 250 Tiradas gratis<\/div>\n<button data-item=\"homepage_banner_link\" class=\"goto m-button m-gradient-border m-button--primary m-button--large banner-button btn-orange\">\n            <div class=\"m-button-content\">\n                <span>Reg\u00edstrate ahora<\/span>\n                <span><\/span>\n            <\/div>\n        <\/button>\n<\/div>\n<div class=\"WelcomePack\">\n<p><img loading=\"lazy\" decoding=\"async\" class=\"alignnone size-full wp-image-1858\" src=\"https:\/\/spinstein.org\/wp-content\/uploads\/2026\/03\/welcome-crown-1.png\" alt=\"welcome crown\" width=\"25\" height=\"26\" \/><\/p>\n<div class=\"WelcomePack-Info\">Reembolso semanal de hasta el 25 %<\/div>\n<p><img loading=\"lazy\" decoding=\"async\" class=\"alignnone size-full wp-image-1858\" src=\"https:\/\/spinstein.org\/wp-content\/uploads\/2026\/03\/welcome-crown-1.png\" alt=\"welcome crown\" width=\"25\" height=\"26\" \/><\/p>\n<\/div>\n<\/div>\n<h2>Plataforma m\u00f3vil Spinstein<\/h2>\n<p>La plataforma m\u00f3vil de Spinstein se centra en la rapidez, la seguridad y la facilidad de navegaci\u00f3n. En comparaci\u00f3n con el uso habitual de un navegador, el formato de la aplicaci\u00f3n est\u00e1 dise\u00f1ado para ofrecer una carga m\u00e1s r\u00e1pida, un funcionamiento m\u00e1s fluido y un acceso m\u00e1s sencillo a las principales funciones de la cuenta. Los usuarios pueden acceder r\u00e1pidamente a las opciones de dep\u00f3sito, retirada, bonificaciones y herramientas de asistencia sin tener que cambiar de p\u00e1gina.<\/p>\n<p>La plataforma tambi\u00e9n se ha dise\u00f1ado prestando especial atenci\u00f3n al rendimiento y a la seguridad de las cuentas. Su estructura t\u00e9cnica reduce los retrasos durante el juego y garantiza la seguridad de las transacciones. Adem\u00e1s, Spinstein actualiza peri\u00f3dicamente su plataforma m\u00f3vil incorporando nuevas funciones y mejoras de seguridad.<\/p>\n<p><div class=\"scrollable-content-wrap my-5\"><div class=\"scrollable-content-inner\"><h2>Aplicaci\u00f3n m\u00f3vil Spinstein para Android<\/h2>\n<p>La versi\u00f3n para Android de la aplicaci\u00f3n Spinstein est\u00e1 disponible en un formato que no requiere un archivo de instalaci\u00f3n de gran tama\u00f1o. Funciona como una aplicaci\u00f3n web progresiva, lo que significa que los usuarios pueden a\u00f1adirla directamente desde el sitio web oficial en solo unos pocos pasos.<\/p>\n<h3>Spinstein APK<\/h3>\n<p>La plataforma se basa ahora principalmente en la versi\u00f3n PWA. Los archivos APK tradicionales suelen requerir descargas manuales y actualizaciones independientes, lo que puede resultar menos c\u00f3modo y conllevar riesgos de seguridad adicionales. Con el formato PWA, los usuarios de Android pueden acceder a la \u00faltima versi\u00f3n de la plataforma m\u00f3vil Spinstein sin necesidad de instalar manualmente las actualizaciones.<\/p>\n<h3>PWA<\/h3>\n<p>En los dispositivos Android, la PWA de Spinstein se puede instalar directamente desde el sitio web principal. Los usuarios deben abrir la p\u00e1gina de inicio, pulsar el bot\u00f3n \u00abAplicaci\u00f3n del casino\u00bb y seguir los pasos que aparecen en pantalla. Una vez instalada, el icono de la aplicaci\u00f3n aparecer\u00e1 en la pantalla de inicio o en el men\u00fa del dispositivo, lo que facilita el acceso a la plataforma.<\/p>\n<p>La interfaz est\u00e1 optimizada para smartphones y tabletas y se adapta a diferentes tama\u00f1os de pantalla. De este modo, los usuarios pueden acceder a toda la biblioteca de juegos y a las herramientas de la cuenta en un formato muy similar al de una aplicaci\u00f3n m\u00f3vil est\u00e1ndar.<\/p>\n<p><img loading=\"lazy\" decoding=\"async\" class=\"alignnone size-full wp-image-1890\" src=\"https:\/\/spinstein.org\/wp-content\/uploads\/2026\/03\/Spinstein-Android-App.webp\" alt=\"Spinstein Android App\" width=\"1248\" height=\"536\" srcset=\"https:\/\/spinstein.org\/wp-content\/uploads\/2026\/03\/Spinstein-Android-App.webp 1248w, https:\/\/spinstein.org\/wp-content\/uploads\/2026\/03\/Spinstein-Android-App-300x129.webp 300w, https:\/\/spinstein.org\/wp-content\/uploads\/2026\/03\/Spinstein-Android-App-1024x440.webp 1024w, https:\/\/spinstein.org\/wp-content\/uploads\/2026\/03\/Spinstein-Android-App-768x330.webp 768w\" sizes=\"auto, (max-width: 1248px) 100vw, 1248px\" \/><\/p>\n<\/div><\/div><div style=\"clear: both\"><\/div><div class=\"d-flex justify-content-center\"><button data-item=\"decouvrez_link\" data-group=\"website_links\" class=\"goto fw-bold rounded-pill btn btn-orange\" aria-label=\"Descarga la aplicaci\u00f3n Spinstein\" >Descarga la aplicaci\u00f3n Spinstein<\/button><\/div><div class=\"scrollable-content-wrap my-5\"><div class=\"scrollable-content-inner\"><h2>Aplicaci\u00f3n m\u00f3vil Spinstein para iOS<\/h2>\n<p>Los usuarios de iPhone y iPad tambi\u00e9n pueden acceder a la plataforma a trav\u00e9s de una versi\u00f3n PWA basada en web optimizada para Safari. Para instalarla, deben visitar la p\u00e1gina principal del casino, pulsar la opci\u00f3n de instalaci\u00f3n y a\u00f1adir la aplicaci\u00f3n a la pantalla de inicio. Este m\u00e9todo se ajusta al modelo general de uso basado en navegador de Apple y evita tener que descargarla por separado desde la tienda.<\/p>\n<p>La versi\u00f3n para iOS est\u00e1 dise\u00f1ada para controles t\u00e1ctiles, con elementos de navegaci\u00f3n m\u00e1s f\u00e1ciles de usar en pantallas m\u00e1s peque\u00f1as. Adem\u00e1s, admite notificaciones push, que pueden incluir actualizaciones sobre bonificaciones, nuevos lanzamientos de juegos y otras noticias de la plataforma.<\/p>\n<p>Las ventajas de la PWA de Spinstein son:<\/p>\n<ul>\n<li>mayor seguridad, ya que no se necesitan archivos de instalaci\u00f3n adicionales<\/li>\n<li>No hace falta buscar archivos APK en sitios web de terceros<\/li>\n<li>sin depender de Google Play ni de la App Store<\/li>\n<li>apenas afecta al almacenamiento del dispositivo ni al consumo de bater\u00eda<\/li>\n<\/ul>\n<p><img loading=\"lazy\" decoding=\"async\" class=\"alignnone size-full wp-image-1914\" src=\"https:\/\/spinstein.org\/wp-content\/uploads\/2026\/03\/Spinstein-iOS-App.webp\" alt=\"Spinstein iOS App\" width=\"1248\" height=\"536\" srcset=\"https:\/\/spinstein.org\/wp-content\/uploads\/2026\/03\/Spinstein-iOS-App.webp 1248w, https:\/\/spinstein.org\/wp-content\/uploads\/2026\/03\/Spinstein-iOS-App-300x129.webp 300w, https:\/\/spinstein.org\/wp-content\/uploads\/2026\/03\/Spinstein-iOS-App-1024x440.webp 1024w, https:\/\/spinstein.org\/wp-content\/uploads\/2026\/03\/Spinstein-iOS-App-768x330.webp 768w\" sizes=\"auto, (max-width: 1248px) 100vw, 1248px\" \/><\/p>\n<\/div><\/div><div style=\"clear: both\"><\/div><div class=\"d-flex justify-content-center\"><button data-item=\"decouvrez_link\" data-group=\"website_links\" class=\"goto fw-bold rounded-pill btn btn-orange\" aria-label=\"Descarga la aplicaci\u00f3n Spinstein\" >Descarga la aplicaci\u00f3n Spinstein<\/button><\/div><div class=\"scrollable-content-wrap my-5\"><div class=\"scrollable-content-inner\"><h2>Descargas de aplicaciones para Windows y macOS<\/h2>\n<p>Spinstein tambi\u00e9n se puede utilizar en dispositivos de escritorio, incluidos los sistemas que funcionan con Windows y macOS. La versi\u00f3n de escritorio est\u00e1 dise\u00f1ada para ofrecer un rendimiento estable, gr\u00e1ficos n\u00edtidos y acceso a las mismas funciones b\u00e1sicas disponibles en otras versiones de la plataforma. Esto incluye el servicio de atenci\u00f3n al cliente, las herramientas de verificaci\u00f3n de cuentas y las principales secciones de juegos.<\/p>\n<p>La plataforma funciona en navegadores compatibles como Google Chrome, Mozilla Firefox, Safari y Microsoft Edge. Esto permite a los usuarios acceder a Spinstein desde un ordenador de sobremesa o port\u00e1til sin necesidad de instalar ning\u00fan software adicional en la mayor\u00eda de los casos.<\/p>\n<table>\n<tbody>\n<tr>\n<td>Ventajas<\/td>\n<td>Contras<\/td>\n<\/tr>\n<tr>\n<td>Se puede ejecutar directamente desde el navegador sin necesidad de una instalaci\u00f3n completa<\/td>\n<td>Requiere conexi\u00f3n a Internet y no es totalmente compatible con el uso sin conexi\u00f3n<\/td>\n<\/tr>\n<tr>\n<td>Se puede a\u00f1adir desde el sitio web en unos minutos, sin necesidad de descargas pesadas ni de acceder a la tienda de aplicaciones<\/td>\n<td>El rendimiento depende del navegador y del dispositivo que se utilice<\/td>\n<\/tr>\n<tr>\n<td>Siempre ejecuta la \u00faltima versi\u00f3n sin necesidad de actualizaciones manuales<\/td>\n<td>Es posible que algunos navegadores o dispositivos limiten la compatibilidad con las notificaciones push<\/td>\n<\/tr>\n<tr>\n<td>Funciona en diferentes sistemas operativos y dispositivos m\u00f3viles, incluidos Android e iOS a trav\u00e9s de Safari<\/td>\n<td>En algunos casos, el rendimiento puede ser menos constante que en una aplicaci\u00f3n totalmente nativa<\/td>\n<\/tr>\n<tr>\n<td>Ocupa menos espacio de almacenamiento que una aplicaci\u00f3n instalada tradicional<\/td>\n<td><\/td>\n<\/tr>\n<tr>\n<td>Ventajas de las actualizaciones de seguridad del navegador y las herramientas de protecci\u00f3n integradas<\/td>\n<td><\/td>\n<\/tr>\n<\/tbody>\n<\/table>\n<p><img loading=\"lazy\" decoding=\"async\" class=\"alignnone size-full wp-image-1906\" src=\"https:\/\/spinstein.org\/wp-content\/uploads\/2026\/03\/Spinstein-Desktop.webp\" alt=\"Spinstein Desktop\" width=\"1248\" height=\"536\" srcset=\"https:\/\/spinstein.org\/wp-content\/uploads\/2026\/03\/Spinstein-Desktop.webp 1248w, https:\/\/spinstein.org\/wp-content\/uploads\/2026\/03\/Spinstein-Desktop-300x129.webp 300w, https:\/\/spinstein.org\/wp-content\/uploads\/2026\/03\/Spinstein-Desktop-1024x440.webp 1024w, https:\/\/spinstein.org\/wp-content\/uploads\/2026\/03\/Spinstein-Desktop-768x330.webp 768w\" sizes=\"auto, (max-width: 1248px) 100vw, 1248px\" \/><\/p>\n<\/div><\/div><div style=\"clear: both\"><\/div><div class=\"d-flex justify-content-center\"><button data-item=\"decouvrez_link\" data-group=\"website_links\" class=\"goto fw-bold rounded-pill btn btn-orange\" aria-label=\"Descarga la aplicaci\u00f3n Spinstein\" >Descarga la aplicaci\u00f3n Spinstein<\/button><\/div><div class=\"scrollable-content-wrap my-5\"><div class=\"scrollable-content-inner\"><h2>FAQ<\/h2>\n<h3>\u00bfHay servicio de atenci\u00f3n al cliente disponible en la aplicaci\u00f3n de Spinstein Casino?<\/h3>\n<p>S\u00ed, el servicio de atenci\u00f3n al cliente est\u00e1 disponible tanto a trav\u00e9s de la aplicaci\u00f3n de Spinstein como en la p\u00e1gina web oficial. Los usuarios pueden ponerse en contacto con el equipo de atenci\u00f3n al cliente a trav\u00e9s del chat en vivo a cualquier hora del d\u00eda. El servicio est\u00e1 pensado para ayudar con problemas t\u00e9cnicos, dudas relacionadas con la verificaci\u00f3n y otras cuestiones relacionadas con la cuenta o la plataforma.<\/p>\n<h3>\u00bfNecesito una cuenta para usar la aplicaci\u00f3n Spinstein?<\/h3>\n<p>Es necesario disponer de una cuenta para poder acceder a todas las funciones de la plataforma, incluyendo dep\u00f3sitos, retiradas, historial de transacciones y juego con dinero real. No obstante, algunos juegos pueden estar disponibles en modo demo sin necesidad de registrarse. Para poder utilizar todas las funciones de la cuenta, los jugadores deben completar el proceso de registro y verificaci\u00f3n. Este proceso est\u00e1 dise\u00f1ado para garantizar la seguridad de la cuenta y proporcionar acceso a los principales servicios del casino.<\/p>\n<h3>\u00bfEst\u00e1n todos los juegos disponibles en la aplicaci\u00f3n de Spinstein?<\/h3>\n<p>Se puede acceder a la mayor\u00eda de los juegos que ofrece Spinstein tambi\u00e9n a trav\u00e9s de la aplicaci\u00f3n m\u00f3vil, incluida una amplia selecci\u00f3n de tragaperras y otros t\u00edtulos de casino. No obstante, es posible que algunos juegos o funciones solo est\u00e9n disponibles en la versi\u00f3n de escritorio o en la interfaz web. Para la mayor\u00eda de los usuarios, sin embargo, la aplicaci\u00f3n incluye la biblioteca principal de juegos y las funciones b\u00e1sicas de la plataforma.<\/p>\n<\/div><\/div><\/p>\n","protected":false},"excerpt":{"rendered":"<p>Aplicaci\u00f3n Spinstein: Casino m\u00f3vil La aplicaci\u00f3n Spinstein es ideal para los usuarios que prefieren jugar en dispositivos m\u00f3viles. Ofrece acceso a tragaperras online, juegos de mesa y otros contenidos de casino a trav\u00e9s de una interfaz adaptada a dispositivos m\u00f3viles. La plataforma est\u00e1 dise\u00f1ada para funcionar en distintos dispositivos, lo que permite a los jugadores [&hellip;]<\/p>\n","protected":false},"author":1,"featured_media":0,"parent":0,"menu_order":0,"comment_status":"closed","ping_status":"closed","template":"template-builder.php","meta":{"_acf_changed":false,"inline_featured_image":false,"footnotes":""},"class_list":["post-1449","page","type-page","status-publish","hentry"],"acf":[],"yoast_head":"<!-- This site is optimized with the Yoast SEO plugin v27.3 - https:\/\/yoast.com\/product\/yoast-seo-wordpress\/ -->\n<title>Descargar la Spinstein app | iOS y Android<\/title>\n<meta name=\"description\" content=\"La aplicaci\u00f3n Spinstein garantiza una experiencia de juego impecable en las plataformas Android, iOS, Windows y macOS, con sincronizaci\u00f3n de cuentas, actualizaciones peri\u00f3dicas y asistencia al cliente integrada para facilitar su uso.\" \/>\n<meta name=\"robots\" content=\"index, follow, max-snippet:-1, max-image-preview:large, max-video-preview:-1\" \/>\n<link rel=\"canonical\" href=\"https:\/\/spinstein.org\/es\/aplicacion\/\" \/>\n<meta property=\"og:locale\" content=\"es_ES\" \/>\n<meta property=\"og:type\" content=\"article\" \/>\n<meta property=\"og:title\" content=\"Descargar la Spinstein app | iOS y Android\" \/>\n<meta property=\"og:description\" content=\"La aplicaci\u00f3n Spinstein garantiza una experiencia de juego impecable en las plataformas Android, iOS, Windows y macOS, con sincronizaci\u00f3n de cuentas, actualizaciones peri\u00f3dicas y asistencia al cliente integrada para facilitar su uso.\" \/>\n<meta property=\"og:url\" content=\"https:\/\/spinstein.org\/es\/aplicacion\/\" \/>\n<meta property=\"og:site_name\" content=\"spinstein\" \/>\n<meta property=\"article:modified_time\" content=\"2026-03-23T11:31:14+00:00\" \/>\n<meta name=\"twitter:card\" content=\"summary_large_image\" \/>\n<meta name=\"twitter:label1\" content=\"Est. reading time\" \/>\n\t<meta name=\"twitter:data1\" content=\"1 minute\" \/>\n<script type=\"application\/ld+json\" class=\"yoast-schema-graph\">{\"@context\":\"https:\\\/\\\/schema.org\",\"@graph\":[{\"@type\":\"WebPage\",\"@id\":\"https:\\\/\\\/spinstein.org\\\/es\\\/aplicacion\\\/\",\"url\":\"https:\\\/\\\/spinstein.org\\\/es\\\/aplicacion\\\/\",\"name\":\"Descargar la Spinstein app | iOS y Android\",\"isPartOf\":{\"@id\":\"https:\\\/\\\/spinstein.org\\\/es\\\/#website\"},\"datePublished\":\"2026-01-20T12:08:23+00:00\",\"dateModified\":\"2026-03-23T11:31:14+00:00\",\"description\":\"La aplicaci\u00f3n Spinstein garantiza una experiencia de juego impecable en las plataformas Android, iOS, Windows y macOS, con sincronizaci\u00f3n de cuentas, actualizaciones peri\u00f3dicas y asistencia al cliente integrada para facilitar su uso.\",\"breadcrumb\":{\"@id\":\"https:\\\/\\\/spinstein.org\\\/es\\\/aplicacion\\\/#breadcrumb\"},\"inLanguage\":\"es-ES\",\"potentialAction\":[{\"@type\":\"ReadAction\",\"target\":[\"https:\\\/\\\/spinstein.org\\\/es\\\/aplicacion\\\/\"]}]},{\"@type\":\"BreadcrumbList\",\"@id\":\"https:\\\/\\\/spinstein.org\\\/es\\\/aplicacion\\\/#breadcrumb\",\"itemListElement\":[{\"@type\":\"ListItem\",\"position\":1,\"name\":\"Spinstein\",\"item\":\"https:\\\/\\\/spinstein.org\\\/es\\\/\"},{\"@type\":\"ListItem\",\"position\":2,\"name\":\"Aplicaci\u00f3n\"}]},{\"@type\":\"WebSite\",\"@id\":\"https:\\\/\\\/spinstein.org\\\/es\\\/#website\",\"url\":\"https:\\\/\\\/spinstein.org\\\/es\\\/\",\"name\":\"Spinstein\",\"description\":\"\",\"publisher\":{\"@id\":\"https:\\\/\\\/spinstein.org\\\/es\\\/#organization\"},\"potentialAction\":[{\"@type\":\"SearchAction\",\"target\":{\"@type\":\"EntryPoint\",\"urlTemplate\":\"https:\\\/\\\/spinstein.org\\\/es\\\/?s={search_term_string}\"},\"query-input\":{\"@type\":\"PropertyValueSpecification\",\"valueRequired\":true,\"valueName\":\"search_term_string\"}}],\"inLanguage\":\"es-ES\"},{\"@type\":\"Organization\",\"@id\":\"https:\\\/\\\/spinstein.org\\\/es\\\/#organization\",\"name\":\"Spinstein\",\"url\":\"https:\\\/\\\/spinstein.org\\\/es\\\/\",\"logo\":{\"@type\":\"ImageObject\",\"inLanguage\":\"es-ES\",\"@id\":\"https:\\\/\\\/spinstein.org\\\/es\\\/#\\\/schema\\\/logo\\\/image\\\/\",\"url\":\"https:\\\/\\\/spinstein.org\\\/wp-content\\\/uploads\\\/2026\\\/03\\\/spinstein-logo.svg\",\"contentUrl\":\"https:\\\/\\\/spinstein.org\\\/wp-content\\\/uploads\\\/2026\\\/03\\\/spinstein-logo.svg\",\"width\":83,\"height\":20,\"caption\":\"Spinstein\"},\"image\":{\"@id\":\"https:\\\/\\\/spinstein.org\\\/es\\\/#\\\/schema\\\/logo\\\/image\\\/\"}}]}<\/script>\n<!-- \/ Yoast SEO plugin. -->","yoast_head_json":{"title":"Descargar la Spinstein app | iOS y Android","description":"La aplicaci\u00f3n Spinstein garantiza una experiencia de juego impecable en las plataformas Android, iOS, Windows y macOS, con sincronizaci\u00f3n de cuentas, actualizaciones peri\u00f3dicas y asistencia al cliente integrada para facilitar su uso.","robots":{"index":"index","follow":"follow","max-snippet":"max-snippet:-1","max-image-preview":"max-image-preview:large","max-video-preview":"max-video-preview:-1"},"canonical":"https:\/\/spinstein.org\/es\/aplicacion\/","og_locale":"es_ES","og_type":"article","og_title":"Descargar la Spinstein app | iOS y Android","og_description":"La aplicaci\u00f3n Spinstein garantiza una experiencia de juego impecable en las plataformas Android, iOS, Windows y macOS, con sincronizaci\u00f3n de cuentas, actualizaciones peri\u00f3dicas y asistencia al cliente integrada para facilitar su uso.","og_url":"https:\/\/spinstein.org\/es\/aplicacion\/","og_site_name":"spinstein","article_modified_time":"2026-03-23T11:31:14+00:00","twitter_card":"summary_large_image","twitter_misc":{"Est. reading time":"1 minute"},"schema":{"@context":"https:\/\/schema.org","@graph":[{"@type":"WebPage","@id":"https:\/\/spinstein.org\/es\/aplicacion\/","url":"https:\/\/spinstein.org\/es\/aplicacion\/","name":"Descargar la Spinstein app | iOS y Android","isPartOf":{"@id":"https:\/\/spinstein.org\/es\/#website"},"datePublished":"2026-01-20T12:08:23+00:00","dateModified":"2026-03-23T11:31:14+00:00","description":"La aplicaci\u00f3n Spinstein garantiza una experiencia de juego impecable en las plataformas Android, iOS, Windows y macOS, con sincronizaci\u00f3n de cuentas, actualizaciones peri\u00f3dicas y asistencia al cliente integrada para facilitar su uso.","breadcrumb":{"@id":"https:\/\/spinstein.org\/es\/aplicacion\/#breadcrumb"},"inLanguage":"es-ES","potentialAction":[{"@type":"ReadAction","target":["https:\/\/spinstein.org\/es\/aplicacion\/"]}]},{"@type":"BreadcrumbList","@id":"https:\/\/spinstein.org\/es\/aplicacion\/#breadcrumb","itemListElement":[{"@type":"ListItem","position":1,"name":"Spinstein","item":"https:\/\/spinstein.org\/es\/"},{"@type":"ListItem","position":2,"name":"Aplicaci\u00f3n"}]},{"@type":"WebSite","@id":"https:\/\/spinstein.org\/es\/#website","url":"https:\/\/spinstein.org\/es\/","name":"Spinstein","description":"","publisher":{"@id":"https:\/\/spinstein.org\/es\/#organization"},"potentialAction":[{"@type":"SearchAction","target":{"@type":"EntryPoint","urlTemplate":"https:\/\/spinstein.org\/es\/?s={search_term_string}"},"query-input":{"@type":"PropertyValueSpecification","valueRequired":true,"valueName":"search_term_string"}}],"inLanguage":"es-ES"},{"@type":"Organization","@id":"https:\/\/spinstein.org\/es\/#organization","name":"Spinstein","url":"https:\/\/spinstein.org\/es\/","logo":{"@type":"ImageObject","inLanguage":"es-ES","@id":"https:\/\/spinstein.org\/es\/#\/schema\/logo\/image\/","url":"https:\/\/spinstein.org\/wp-content\/uploads\/2026\/03\/spinstein-logo.svg","contentUrl":"https:\/\/spinstein.org\/wp-content\/uploads\/2026\/03\/spinstein-logo.svg","width":83,"height":20,"caption":"Spinstein"},"image":{"@id":"https:\/\/spinstein.org\/es\/#\/schema\/logo\/image\/"}}]}},"_links":{"self":[{"href":"https:\/\/spinstein.org\/es\/wp-json\/wp\/v2\/pages\/1449","targetHints":{"allow":["GET"]}}],"collection":[{"href":"https:\/\/spinstein.org\/es\/wp-json\/wp\/v2\/pages"}],"about":[{"href":"https:\/\/spinstein.org\/es\/wp-json\/wp\/v2\/types\/page"}],"author":[{"embeddable":true,"href":"https:\/\/spinstein.org\/es\/wp-json\/wp\/v2\/users\/1"}],"replies":[{"embeddable":true,"href":"https:\/\/spinstein.org\/es\/wp-json\/wp\/v2\/comments?post=1449"}],"version-history":[{"count":4,"href":"https:\/\/spinstein.org\/es\/wp-json\/wp\/v2\/pages\/1449\/revisions"}],"predecessor-version":[{"id":2028,"href":"https:\/\/spinstein.org\/es\/wp-json\/wp\/v2\/pages\/1449\/revisions\/2028"}],"wp:attachment":[{"href":"https:\/\/spinstein.org\/es\/wp-json\/wp\/v2\/media?parent=1449"}],"curies":[{"name":"wp","href":"https:\/\/api.w.org\/{rel}","templated":true}]}}